{"id":3892,"date":"2019-02-11T15:57:49","date_gmt":"2019-02-11T22:57:49","guid":{"rendered":"https:\/\/rganm.org\/problemas-de-juego-en-la-familia\/"},"modified":"2026-01-27T08:02:48","modified_gmt":"2026-01-27T15:02:48","slug":"problemas-de-juego-en-la-familia","status":"publish","type":"page","link":"https:\/\/rganm.org\/es\/problemas-de-juego-en-la-familia\/","title":{"rendered":"Problemas de juego en la familia"},"content":{"rendered":"<p>[et_pb_section fb_built=\u00bb1&#8243; inner_shadow=\u00bbon\u00bb fullwidth=\u00bbon\u00bb _builder_version=\u00bb4.16&#8243; background_color=\u00bb#4fb4f4&#8243; global_module=\u00bb363&#8243; global_colors_info=\u00bb{}\u00bb][et_pb_fullwidth_image src=\u00bbhttps:\/\/rganm.org\/wp-content\/uploads\/2019\/03\/RGANMPot-Spanish.png\u00bb admin_label=\u00bbFullwidth Image: Logo\u00bb module_class=\u00bbrganmpot\u00bb _builder_version=\u00bb4.16&#8243; max_width=\u00bb40%\u00bb max_width_tablet=\u00bb\u00bb max_width_phone=\u00bb100%\u00bb max_width_last_edited=\u00bbon|phone\u00bb module_alignment=\u00bbleft\u00bb custom_margin=\u00bb-200px|||\u00bb custom_padding=\u00bb0px||0px|\u00bb z_index_tablet=\u00bb500&#8243; global_colors_info=\u00bb{}\u00bb][\/et_pb_fullwidth_image][et_pb_fullwidth_image src=\u00bbhttps:\/\/rganm.org\/wp-content\/uploads\/2019\/02\/HeaderRange2.png\u00bb admin_label=\u00bbFullwidth Image: Header Mountain Range\u00bb _builder_version=\u00bb4.16&#8243; global_colors_info=\u00bb{}\u00bb][\/et_pb_fullwidth_image][et_pb_fullwidth_menu menu_id=\u00bb17&#8243; submenu_direction=\u00bbdownwards\u00bb fullwidth_menu=\u00bbon\u00bb dropdown_menu_line_color=\u00bb#f9e1b1&#8243; admin_label=\u00bbFullwidth Spanish Menu\u00bb _builder_version=\u00bb4.16&#8243; menu_font=\u00bbOpen Sans|700|||||||\u00bb menu_text_color=\u00bb#f9e1b1&#8243; menu_font_size=\u00bb16px\u00bb background_color=\u00bb#56130b\u00bb text_orientation=\u00bbcenter\u00bb background_layout=\u00bbdark\u00bb custom_padding=\u00bb0px||0px|\u00bb global_colors_info=\u00bb{}\u00bb][\/et_pb_fullwidth_menu][et_pb_fullwidth_image src=\u00bbhttps:\/\/rganm.org\/wp-content\/uploads\/2019\/02\/HeaderPattern3-01.png\u00bb admin_label=\u00bbFullwidth Image: Header Pattern\u00bb _builder_version=\u00bb4.16&#8243; global_colors_info=\u00bb{}\u00bb][\/et_pb_fullwidth_image][et_pb_fullwidth_header _builder_version=\u00bb4.16&#8243; background_color=\u00bb#56130b\u00bb custom_padding=\u00bb10px||10px|\u00bb global_colors_info=\u00bb{}\u00bb][\/et_pb_fullwidth_header][\/et_pb_section][et_pb_section fb_built=\u00bb1&#8243; _builder_version=\u00bb4.16&#8243; background_color=\u00bb#eaeaea\u00bb global_colors_info=\u00bb{}\u00bb][et_pb_row column_structure=\u00bb3_5,2_5&#8243; _builder_version=\u00bb4.16&#8243; background_size=\u00bbinitial\u00bb background_position=\u00bbtop_left\u00bb background_repeat=\u00bbrepeat\u00bb global_colors_info=\u00bb{}\u00bb][et_pb_column type=\u00bb3_5&#8243; _builder_version=\u00bb4.16&#8243; custom_padding=\u00bb|||\u00bb global_colors_info=\u00bb{}\u00bb custom_padding__hover=\u00bb|||\u00bb][et_pb_text admin_label=\u00bbText: Lo que sigue es una breve descripci\u00f3n de c\u00f3mo el&#8230;\u00bb _builder_version=\u00bb4.16&#8243; z_index_tablet=\u00bb500&#8243; global_colors_info=\u00bb{}\u00bb]<\/p>\n<p>A continuaci\u00f3n, se presenta una breve descripci\u00f3n de c\u00f3mo el juego compulsivo afecta a la familia y lo que usted puede hacer al respecto. Esta informaci\u00f3n puede ampliarse y detallarse con un proveedor de tratamiento cualificado, con el que puede reunirse llamando a la l\u00ednea de ayuda de RGANM que se indica a continuaci\u00f3n. <\/p>\n<p>Cuando los problemas de juego compulsivo est\u00e1n presentes en una familia, pueden causar sentimientos intensos. Los miembros de la familia pueden sentirse enfadados, confundidos, heridos, temerosos y, a menudo, desconfiados del jugador compulsivo. Estos sentimientos dificultan la resoluci\u00f3n de problemas. El jugador compulsivo puede incluso negar que exista un problema. Adem\u00e1s, los allegados de los jugadores compulsivos pierden la sensaci\u00f3n de querer estar emocional o f\u00edsicamente cerca de la persona que les ha hecho da\u00f1o. Los miembros de la familia tambi\u00e9n pueden sentirse distantes y serlo. Las personas afectadas por los problemas de juego a menudo evitan a las personas con las que antes estaban conectadas, porque se sienten avergonzadas. Las relaciones familiares pueden llegar a distanciarse y las amistades pueden terminar debido a deudas impagadas relacionadas con el juego. Esto dificulta la obtenci\u00f3n de afecto y apoyo.        <\/p>\n<h3><strong>Salud f\u00edsica<\/strong><\/h3>\n<p>El estr\u00e9s del juego compulsivo, desde la etapa intermedia hasta la tard\u00eda, a menudo causa problemas de salud, tanto para la persona que juega compulsivamente como para su familia. Esto puede incluir problemas relacionados con el estr\u00e9s, como problemas de sue\u00f1o, \u00falceras, problemas intestinales, dolores de cabeza y dolores musculares, problemas card\u00edacos y accidentes cerebrovasculares. <\/p>\n<h3><strong>Salud mental<\/strong><\/h3>\n<p>Muchas familias bajo estr\u00e9s tienen problemas para afrontar la situaci\u00f3n. Un miembro de la familia puede tratar de mantener las cosas bajo control asumiendo m\u00e1s tareas, lo que puede conducir a un estr\u00e9s excesivo y al agotamiento. La ansiedad, la depresi\u00f3n y la ira son comunes. Los familiares afectuosos y bienintencionados a menudo se centran en la persona con el problema del juego y se olvidan de cuidarse a s\u00ed mismos.   <\/p>\n<h3><strong>Finanzas<\/strong><\/h3>\n<p>La presunci\u00f3n m\u00e1s com\u00fan en las familias donde hay un problema de juego compulsivo es la p\u00e9rdida de dinero. La calificaci\u00f3n crediticia, los ahorros, la p\u00e9rdida de propiedades y la p\u00e9rdida de pertenencias valiosas ocurren com\u00fanmente, lo que puede ser devastador para el bienestar familiar. Este tipo de crisis monetaria causa miedo, enojo y sentimientos de traici\u00f3n en la familia.  <\/p>\n<h3><strong>Abuso f\u00edsico y emocional<\/strong><\/h3>\n<p>La violencia familiar es m\u00e1s com\u00fan cuando las familias est\u00e1n en crisis. Los problemas de juego pueden llevar al abuso f\u00edsico o emocional de un compa\u00f1ero, padre o hijo mayor. Los ni\u00f1os pueden resultar heridos debido a la ira reprimida. Si esto sucede en su familia, obtenga ayuda de inmediato. Si alguien est\u00e1 en peligro inmediato, llame al 911. De lo contrario, p\u00f3ngase en contacto con la l\u00ednea de ayuda de RGANM.     <\/p>\n<h3><strong>Hijos<\/strong><\/h3>\n<p>Cuando un padre o cuidador tiene un problema de juego, a menudo los ni\u00f1os se ven afectados; sin embargo, cada ni\u00f1o afronta de manera diferente los impactos del problema. Algunos ni\u00f1os pueden sentirse olvidados, deprimidos y enfadados. Pueden creer que causaron el problema y que, si son \u00abbuenos\u00bb, el problema se detendr\u00e1. Algunos ni\u00f1os cuidan de hermanos o hermanas menores, o tratan de apoyar a sus padres. Para los ni\u00f1os, esta responsabilidad es excesiva y hace que deshagan el estr\u00e9s. Los ni\u00f1os tambi\u00e9n pueden creer que deben tomar partido entre sus padres. Pueden dejar de confiar en un padre que hace promesas que no cumple.      <\/p>\n<p>Incapaces de expresar sus sentimientos directamente, los ni\u00f1os pueden empezar a actuar su enojo o a tener problemas en la escuela. Algunos ni\u00f1os pueden tratar de desviar la atenci\u00f3n de los padres con el problema del juego, por: <\/p>\n<ul>\n<li style=\"list-style-type: none;\">\n<ul>\n<li>Consumir alcohol y otras drogas.<\/li>\n<li>No hacer la tarea o abandonar la escuela.<\/li>\n<li>Ser opositores o infringir deliberadamente las reglas.<\/li>\n<\/ul>\n<\/li>\n<\/ul>\n<p>Es importante ayudar a los ni\u00f1os a entender que los problemas de la familia no son su culpa. Los ni\u00f1os necesitan regresar a una vida hogare\u00f1a segura y equilibrada y a una ni\u00f1ez normal. La consejer\u00eda familiar o individual puede ayudar a los ni\u00f1os a lidiar con estos cambios.  <\/p>\n<h3><strong>Establecimiento de l\u00edmites con jugadores compulsivos<\/strong><\/h3>\n<p>Los jugadores compulsivos, al igual que las personas que luchan contra otras adicciones, deben tener l\u00edmites establecidos por sus allegados y familiares si existe alguna sensaci\u00f3n de seguridad para la familia. Esto no tiene que hacerse de una manera mezquina o airada, pero s\u00ed tiene que estar bien pensado. Sin l\u00edmites firmes, el jugador compulsivo seguir\u00e1 manifestando dificultades financieras y emocionales en toda la familia. Las familias suelen ser las que m\u00e1s sufren al prescindir, obtener empleos adicionales o trabajar horas extras, solo para cubrir parte de la deuda en la que incurre un miembro compulsivo de la familia por los juegos de azar. A continuaci\u00f3n, se presenta una lista de l\u00edmites que se deben considerar al establecerlos. Le animamos a que los revise con un consejero para su consideraci\u00f3n.     <\/p>\n<ol>\n<li>Los jugadores compulsivos no deben ser rescatados de la crisis financiera.<\/li>\n<li>Insista en que se sometan a tratamiento y que cualquier ayuda financiera se trate en el tratamiento como un problema familiar.<\/li>\n<li>El jugador compulsivo debe ser honesto sobre todas las deudas en las que ha incurrido.<\/li>\n<li>Considere la autoexclusi\u00f3n de todos los casinos como una opci\u00f3n. Esto tambi\u00e9n se describe en este sitio web. <\/li>\n<li>Insista en que el jugador compulsivo demuestre su fiabilidad. Esto comienza con los pasos 1-4 anteriores y es crucial para reconstruir la relaci\u00f3n a donde estaba antes de que se rompiera. <\/li>\n<\/ol>\n<h3><strong>C\u00f3mo lidiar con el enojo<\/strong><\/h3>\n<p>Cuando el juego compulsivo est\u00e1 en la familia, el enojo y la confusi\u00f3n son una respuesta normal y natural. Lo siente el jugador compulsivo, su pareja y todos los que le rodean, incluidos sus hijos. Cuando hay un problema de juego en la familia, todo el mundo siente el dolor, por fuertes o unidos que est\u00e9n. Los seres queridos pueden sentirse enojados y resentidos o excesivamente responsables por el comportamiento del compa\u00f1ero de juego. Los ni\u00f1os pueden actuar o retraerse, sin entender lo que est\u00e1 sucediendo. El estr\u00e9s en el hogar puede crear un mayor riesgo de violencia dom\u00e9stica y es m\u00e1s probable que los jugadores problem\u00e1ticos se separen o se divorcien.     <\/p>\n<p>La buena noticia es que hay recursos de tratamiento gratuitos disponibles a trav\u00e9s de la l\u00ednea de ayuda de RGANM para ayudar a los jugadores compulsivos, a sus parejas y a los familiares que est\u00e1n siendo afectados por el problema de juego de un ser querido.<\/p>\n<p>Otras fuentes de apoyo para las familias y los allegados son:<\/p>\n<ul>\n<li style=\"list-style-type: none;\">\n<ul>\n<li>Gam-Anon, un grupo de apoyo gratuito espec\u00edficamente para los amigos y seres queridos de los jugadores problem\u00e1ticos.<\/li>\n<li>Hablar con otras personas que est\u00e1n experimentando preocupaciones similares puede ayudar a los miembros de la familia a entender mejor el trastorno del juego y a desarrollar habilidades saludables de afrontamiento y resoluci\u00f3n de problemas.<\/li>\n<li>Tambi\u00e9n hay consejer\u00eda profesional gratuita disponible para el jugador compulsivo y su c\u00f3nyuge.<\/li>\n<\/ul>\n<\/li>\n<\/ul>\n<p>Consejos de comunicaci\u00f3n para familias de jugadores compulsivos<\/p>\n<ul>\n<li style=\"list-style-type: none;\">\n<ul>\n<li>C\u00e9ntrese en las maneras espec\u00edficas en que su comportamiento de juego le afecta. Sea directo y utilice declaraciones con \u00abyo\u00bb para compartir hechos y sentimientos. Por ejemplo: \u00abMe siento herido cuando no vienes a casa\u00bb. \u00abMe enfada que no tengamos dinero para pagar nuestras facturas\u00bb. \u00abEstoy muy preocupado por nuestra situaci\u00f3n financiera\u00bb.   <\/li>\n<li>Respire y trate de mantener la calma. Trate de no juzgar ni culpar. <\/li>\n<li>H\u00e1gale saber a su ser querido que est\u00e1 obteniendo informaci\u00f3n y apoyo para usted mismo.<\/li>\n<li>No haga amenazas, pero h\u00e1gale saber a la persona lo que tendr\u00e1 que hacer si no va a buscar ayuda. Diga esto solo si est\u00e1 preparado para cumplirlo. <\/li>\n<li>Proporcione el recurso de la l\u00ednea de ayuda de RGANM.<\/li>\n<li>Trate de ser paciente. Sepa que puede que no admita el problema, ni busque ayuda de inmediato. <\/li>\n<\/ul>\n<\/li>\n<\/ul>\n<h3><strong>C\u00f3mo pueden obtener ayuda los miembros de la familia sin revelar su identidad<\/strong><\/h3>\n<p>Cuando una persona llama a la l\u00ednea de ayuda de RGANM, aunque descargamos su informaci\u00f3n de contacto, no compartimos su identidad con nadie. Toda la informaci\u00f3n se mantiene en estricta confidencialidad. Esto es cierto cuando asiste a sesiones de consejer\u00eda. Los servicios tambi\u00e9n son 100% confidenciales.   <\/p>\n<p>[\/et_pb_text][\/et_pb_column][et_pb_column type=\u00bb2_5&#8243; _builder_version=\u00bb4.16&#8243; custom_padding=\u00bb|||\u00bb global_colors_info=\u00bb{}\u00bb custom_padding__hover=\u00bb|||\u00bb][et_pb_image src=\u00bbhttps:\/\/rganm.org\/wp-content\/uploads\/2019\/02\/sidebartop.png\u00bb show_bottom_space=\u00bboff\u00bb align=\u00bbcenter\u00bb align_tablet=\u00bbcenter\u00bb align_phone=\u00bb\u00bb align_last_edited=\u00bbon|desktop\u00bb admin_label=\u00bbImage: Sidebar Top\u00bb _builder_version=\u00bb4.16&#8243; max_width=\u00bb85%\u00bb module_alignment=\u00bbcenter\u00bb custom_css_main_element=\u00bbposition: relative;||\u00bb global_colors_info=\u00bb{}\u00bb][\/et_pb_image][et_pb_text admin_label=\u00bbText: L\u00ednea de Ayuda\u00bb _builder_version=\u00bb4.16&#8243; text_orientation=\u00bbcenter\u00bb background_layout=\u00bbdark\u00bb custom_css_main_element=\u00bbposition: relative;||top: -30px;\u00bb global_colors_info=\u00bb{}\u00bb]<\/p>\n<p class=\"title\"><strong>L\u00ednea de ayuda<\/strong><\/p>\n<p>[\/et_pb_text][et_pb_text admin_label=\u00bbText: TTC Phone\u00bb _builder_version=\u00bb4.16&#8243; header_3_font=\u00bbOpen Sans|700|||||||\u00bb header_3_text_align=\u00bbcenter\u00bb header_3_text_color=\u00bb#ffffff\u00bb header_3_font_size=\u00bb30px\u00bb background_color=\u00bb#4fb4f4&#8243; text_orientation=\u00bbcenter\u00bb background_layout=\u00bbdark\u00bb custom_margin=\u00bb-58px|||\u00bb custom_padding=\u00bb10px||10px|\u00bb header_3_text_shadow_style=\u00bbpreset3&#8243; border_radii=\u00bbon|10px|10px|10px|10px\u00bb box_shadow_style=\u00bbpreset3&#8243; global_colors_info=\u00bb{}\u00bb]<\/p>\n<h3><span style=\"text-decoration: underline;\"><strong><a href=\"tel:+18886962440\" target=\"_blank\" rel=\"noopener noreferrer\">(888) 696-2440<\/a><\/strong><\/span><\/h3>\n<p><strong>Disponible 24\/7<\/strong><\/p>\n<p>[\/et_pb_text][et_pb_image src=\u00bbhttps:\/\/rganm.org\/wp-content\/uploads\/2019\/02\/sidebartop.png\u00bb show_bottom_space=\u00bboff\u00bb align=\u00bbcenter\u00bb align_tablet=\u00bbcenter\u00bb align_phone=\u00bb\u00bb align_last_edited=\u00bbon|desktop\u00bb admin_label=\u00bbImage: Sidebar Top\u00bb _builder_version=\u00bb4.16&#8243; max_width=\u00bb85%\u00bb module_alignment=\u00bbcenter\u00bb custom_css_main_element=\u00bbposition: relative;\u00bb global_colors_info=\u00bb{}\u00bb][\/et_pb_image][et_pb_text admin_label=\u00bbText: Dos Preguntas:\u00bb _builder_version=\u00bb4.16&#8243; text_orientation=\u00bbcenter\u00bb background_layout=\u00bbdark\u00bb custom_css_main_element=\u00bbposition: relative;||top: -30px;\u00bb global_colors_info=\u00bb{}\u00bb]<\/p>\n<p class=\"title\"><strong>Dos preguntas<\/strong><\/p>\n<p>[\/et_pb_text][et_pb_text admin_label=\u00bbText: \u00bfAlguna vez ha mentido sobre sus apuestas?\u00bb module_class=\u00bbregproc\u00bb _builder_version=\u00bb4.16&#8243; header_3_font=\u00bbOpen Sans|700|||||||\u00bb header_3_text_align=\u00bbcenter\u00bb header_3_text_color=\u00bb#ffffff\u00bb header_3_font_size=\u00bb30px\u00bb background_color=\u00bb#4fb4f4&#8243; background_layout=\u00bbdark\u00bb custom_margin=\u00bb-58px|||\u00bb custom_padding=\u00bb20px|20px|20px|20px\u00bb z_index_tablet=\u00bb500&#8243; header_3_text_shadow_style=\u00bbpreset3&#8243; border_radii=\u00bbon|10px|10px|10px|10px\u00bb box_shadow_style=\u00bbpreset3&#8243; global_colors_info=\u00bb{}\u00bb]<\/p>\n<ol>\n<li style=\"list-style-type: none;\">\n<ol>\n<li><strong>\u00bfAlguna vez ha mentido sobre sus apuestas?<\/strong><\/li>\n<li><strong>\u00bfAlguna vez ha pedido dinero prestado para financiar su juego?<\/strong><\/li>\n<\/ol>\n<\/li>\n<\/ol>\n<p><strong>Si respondi\u00f3 \u00abs\u00ed\u00bb a cualquiera de las preguntas, aprenda a <span style=\"text-decoration: underline;\"><span style=\"color: #ffffff;\"><a style=\"color: #ffffff; text-decoration: underline;\" href=\"https:\/\/rganm.org\/senales-del-problema-de-adiccion\/\">los signos de los problemas del juego<\/a><\/span><\/span> y nuestros <span style=\"text-decoration: underline;\"><span style=\"color: #ffffff;\"><a style=\"color: #ffffff; text-decoration: underline;\" href=\"https:\/\/rganm.org\/obtener-ayuda\/\">recursos gratuitos<\/a><\/span><\/span>. <\/strong><\/p>\n<p>[\/et_pb_text][\/et_pb_column][\/et_pb_row][\/et_pb_section][et_pb_section fb_built=\u00bb1&#8243; fullwidth=\u00bbon\u00bb _builder_version=\u00bb4.27.3&#8243; background_color=\u00bb#f9e1b1&#8243; width=\u00bb100%\u00bb module_alignment=\u00bbcenter\u00bb custom_padding=\u00bb0px||0px|\u00bb global_colors_info=\u00bb{}\u00bb][et_pb_fullwidth_header _builder_version=\u00bb4.19.5&#8243; background_color=\u00bb#56130b\u00bb custom_margin=\u00bb||-1px|||\u00bb custom_padding=\u00bb10px||10px|\u00bb global_colors_info=\u00bb{}\u00bb][\/et_pb_fullwidth_header][et_pb_fullwidth_image src=\u00bbhttps:\/\/rganm.org\/wp-content\/uploads\/2025\/08\/rganm-footer-logos.jpg\u00bb title_text=\u00bbrganm-footer-logos\u00bb _builder_version=\u00bb4.27.4&#8243; _module_preset=\u00bbdefault\u00bb width=\u00bb62%\u00bb width_tablet=\u00bb100%\u00bb width_phone=\u00bb100%\u00bb width_last_edited=\u00bbon|phone\u00bb module_alignment=\u00bbcenter\u00bb custom_padding=\u00bb15px||||false|false\u00bb global_colors_info=\u00bb{}\u00bb locked=\u00bboff\u00bb][\/et_pb_fullwidth_image][et_pb_fullwidth_image src=\u00bbhttps:\/\/rganm.org\/wp-content\/uploads\/2019\/08\/HeaderRange3_5b8e6b8c2cde3e87c5f6005640ac6ab7.png\u00bb admin_label=\u00bbFullwidth Image: Header Mountain Range\u00bb _builder_version=\u00bb4.19.5&#8243; custom_padding=\u00bb0px||0px|\u00bb z_index_tablet=\u00bb500&#8243; box_shadow_horizontal_tablet=\u00bb0px\u00bb box_shadow_vertical_tablet=\u00bb0px\u00bb box_shadow_blur_tablet=\u00bb40px\u00bb box_shadow_spread_tablet=\u00bb0px\u00bb global_colors_info=\u00bb{}\u00bb][\/et_pb_fullwidth_image][et_pb_fullwidth_image src=\u00bbhttps:\/\/rganm.org\/wp-content\/uploads\/2019\/02\/HeaderPattern3-01.png\u00bb admin_label=\u00bbFullwidth Image: Header Pattern\u00bb _builder_version=\u00bb4.19.5&#8243; custom_padding=\u00bb0px||0px|\u00bb global_colors_info=\u00bb{}\u00bb][\/et_pb_fullwidth_image][\/et_pb_section]<\/p>\n","protected":false},"excerpt":{"rendered":"<p>A continuaci\u00f3n, se presenta una breve descripci\u00f3n de c\u00f3mo el juego compulsivo afecta a la familia y lo que usted puede hacer al respecto. Esta informaci\u00f3n puede ampliarse y detallarse con un proveedor de tratamiento cualificado, con el que puede reunirse llamando a la l\u00ednea de ayuda de RGANM que se indica a continuaci\u00f3n. Cuando [&hellip;]<\/p>\n","protected":false},"author":1,"featured_media":0,"parent":0,"menu_order":0,"comment_status":"closed","ping_status":"closed","template":"","meta":{"_et_pb_use_builder":"on","_et_pb_old_content":"","_et_gb_content_width":"","footnotes":""},"class_list":["post-3892","page","type-page","status-publish","hentry"],"aioseo_notices":[],"_links":{"self":[{"href":"https:\/\/rganm.org\/es\/wp-json\/wp\/v2\/pages\/3892","targetHints":{"allow":["GET"]}}],"collection":[{"href":"https:\/\/rganm.org\/es\/wp-json\/wp\/v2\/pages"}],"about":[{"href":"https:\/\/rganm.org\/es\/wp-json\/wp\/v2\/types\/page"}],"author":[{"embeddable":true,"href":"https:\/\/rganm.org\/es\/wp-json\/wp\/v2\/users\/1"}],"replies":[{"embeddable":true,"href":"https:\/\/rganm.org\/es\/wp-json\/wp\/v2\/comments?post=3892"}],"version-history":[{"count":0,"href":"https:\/\/rganm.org\/es\/wp-json\/wp\/v2\/pages\/3892\/revisions"}],"wp:attachment":[{"href":"https:\/\/rganm.org\/es\/wp-json\/wp\/v2\/media?parent=3892"}],"curies":[{"name":"wp","href":"https:\/\/api.w.org\/{rel}","templated":true}]}}