{"id":3873,"date":"2019-01-21T20:01:21","date_gmt":"2019-01-22T03:01:21","guid":{"rendered":"https:\/\/rganm.org\/politica-de-privacidad\/"},"modified":"2026-01-27T07:46:56","modified_gmt":"2026-01-27T14:46:56","slug":"politica-de-privacidad","status":"publish","type":"page","link":"https:\/\/rganm.org\/es\/politica-de-privacidad\/","title":{"rendered":"Pol\u00edtica de privacidad"},"content":{"rendered":"<p>[et_pb_section bb_built=\u00bb1&#8243; fullwidth=\u00bbon\u00bb specialty=\u00bboff\u00bb _builder_version=\u00bb3.19.14&#8243; background_color=\u00bb#4fb4f4&#8243; inner_shadow=\u00bbon\u00bb next_background_color=\u00bb#ffffff\u00bb global_module=\u00bb286&#8243;][et_pb_fullwidth_image admin_label=\u00bbFullwidth Image: Logo\u00bb global_parent=\u00bb286&#8243; _builder_version=\u00bb3.21&#8243; src=\u00bbhttps:\/\/rganm.org\/wp-content\/uploads\/2019\/02\/RGANMPot.png\u00bb module_alignment=\u00bbleft\u00bb max_width=\u00bb40%\u00bb custom_padding=\u00bb0px||0px|\u00bb module_class=\u00bbrganmpot\u00bb max_width_phone=\u00bb100%\u00bb max_width_last_edited=\u00bbon|desktop\u00bb \/][et_pb_fullwidth_image admin_label=\u00bbFullwidth Image: Header Mountain Range\u00bb global_parent=\u00bb286&#8243; _builder_version=\u00bb3.21&#8243; src=\u00bbhttps:\/\/rganm.org\/wp-content\/uploads\/2019\/02\/HeaderRange2.png\u00bb max_width_last_edited=\u00bbon|phone\u00bb \/][et_pb_fullwidth_menu admin_label=\u00bbFullwidth English Menu\u00bb global_parent=\u00bb286&#8243; _builder_version=\u00bb3.21&#8243; menu_id=\u00bb16&#8243; submenu_direction=\u00bbdownwards\u00bb fullwidth_menu=\u00bbon\u00bb background_color=\u00bb#56130b\u00bb background_layout=\u00bbdark\u00bb menu_font=\u00bbOpen Sans|700|||||||\u00bb menu_text_color=\u00bb#f9e1b1&#8243; menu_font_size=\u00bb16px\u00bb text_orientation=\u00bbcenter\u00bb custom_padding=\u00bb0px||0px|\u00bb menu_text_shadow_blur_strength=\u00bb0.3em\u00bb dropdown_menu_line_color=\u00bb#f9e1b1&#8243; \/][et_pb_fullwidth_image admin_label=\u00bbFullwidth Image: Header Pattern\u00bb global_parent=\u00bb286&#8243; _builder_version=\u00bb3.21&#8243; src=\u00bbhttps:\/\/rganm.org\/wp-content\/uploads\/2019\/02\/HeaderPattern3-01.png\u00bb max_width_last_edited=\u00bbon|phone\u00bb \/][et_pb_fullwidth_header global_parent=\u00bb286&#8243; _builder_version=\u00bb3.21&#8243; background_color=\u00bb#56130b\u00bb custom_padding=\u00bb10px||10px|\u00bb \/][\/et_pb_section][et_pb_section bb_built=\u00bb1&#8243; next_background_color=\u00bb#f9e1b1&#8243; prev_background_color=\u00bb#4fb4f4&#8243;][et_pb_row][et_pb_column type=\u00bb4_4&#8243;][et_pb_text _builder_version=\u00bb3.21&#8243;]<\/p>\n<p><strong>Pol\u00edtica de privacidad<\/strong><\/p>\n<p>Gracias por visitar nuestro sitio web. Esta pol\u00edtica de privacidad le informa sobre c\u00f3mo utilizamos la informaci\u00f3n personal recopilada en este sitio. Lea esta pol\u00edtica de privacidad antes de utilizar el sitio o enviar cualquier informaci\u00f3n personal. Al utilizar el sitio, usted acepta las pr\u00e1cticas descritas en esta pol\u00edtica de privacidad. Estas pr\u00e1cticas pueden ser modificadas, pero cualquier cambio ser\u00e1 publicado y los cambios solo se aplicar\u00e1n a las actividades e informaci\u00f3n en el futuro, no de forma retroactiva. Le recomendamos que revise la pol\u00edtica de privacidad cada vez que visite el sitio para asegurarse de que comprende c\u00f3mo se utilizar\u00e1 cualquier informaci\u00f3n personal que proporcione.     <\/p>\n<p><strong>Nota:<\/strong> las pr\u00e1cticas de privacidad establecidas en esta pol\u00edtica de privacidad son solo para este web <a href=\"https:\/\/rganm.org\/es\/\">sitio<\/a>. Si se enlaza a otros sitios web, revise las pol\u00edticas de privacidad publicadas en esos sitios. <\/p>\n<p><strong>Recopilaci\u00f3n de informaci\u00f3n<br \/><\/strong>Recopilamos informaci\u00f3n de identificaci\u00f3n personal, como nombres, direcciones postales, direcciones de correo electr\u00f3nico, etc., cuando nuestros visitantes la env\u00edan voluntariamente. La informaci\u00f3n que proporciona se utiliza para cumplir con su solicitud espec\u00edfica. Esta informaci\u00f3n solo se utiliza para cumplir con su solicitud espec\u00edfica, a menos que nos d\u00e9 permiso para utilizarla de otra manera, por ejemplo, para a\u00f1adirle a una de nuestras listas de correo.  <\/p>\n<p><strong>Cookie\/Tecnolog\u00eda de seguimiento<br \/><\/strong>El sitio puede utilizar cookies y tecnolog\u00eda de seguimiento dependiendo de las caracter\u00edsticas ofrecidas. Las cookies y la tecnolog\u00eda de seguimiento son \u00fatiles para recopilar informaci\u00f3n como el tipo de navegador y el sistema operativo, el seguimiento del n\u00famero de visitantes al sitio y la comprensi\u00f3n de c\u00f3mo los visitantes utilizan el sitio. Las cookies tambi\u00e9n pueden ayudar a personalizar el sitio para los visitantes. La informaci\u00f3n personal no puede ser recopilada a trav\u00e9s de cookies y otras tecnolog\u00edas de seguimiento, sin embargo, si usted proporcion\u00f3 previamente informaci\u00f3n de identificaci\u00f3n personal, las cookies pueden estar vinculadas a dicha informaci\u00f3n. La informaci\u00f3n agregada no identificable personalmente puede ser compartida con terceros.    <\/p>\n<p><strong>Distribuci\u00f3n de la informaci\u00f3n<\/strong><br \/>Aunque no compartimos informaci\u00f3n con otras empresas u organizaciones, podemos compartir informaci\u00f3n con agencias gubernamentales u otras empresas que nos ayuden si se necesita la prevenci\u00f3n o investigaci\u00f3n del fraude. Podemos hacerlo cuando: (1) lo permita o lo exija la ley; o, (2) tratando de proteger o prevenir el fraude real o potencial o las transacciones no autorizadas; o, (3) investigando el fraude que ya ha tenido lugar. La informaci\u00f3n no se proporciona a estas empresas con fines de marketing.  <\/p>\n<p><strong>Compromiso con la seguridad de los datos<\/strong><br \/>Su informaci\u00f3n de identificaci\u00f3n personal se mantiene segura. Solo los empleados, agentes y contratistas autorizados (que han acordado mantener la informaci\u00f3n segura y confidencial) tienen acceso a esta informaci\u00f3n. Todos los correos electr\u00f3nicos y boletines de noticias de este sitio le permiten optar por no recibir m\u00e1s correos.  <\/p>\n<p><strong>Informaci\u00f3n de contacto de privacidad<\/strong><br \/>Si tiene alguna pregunta, inquietud o comentario sobre nuestra pol\u00edtica de privacidad, puede ponerse en contacto con nosotros utilizando la siguiente informaci\u00f3n:<br \/>Por correo electr\u00f3nico: conference@rganm.org<br \/>Por tel\u00e9fono: <a href=\"tel:+18886962440\">1-888-696-2440<\/a><\/p>\n<p>Nos reservamos el derecho de realizar cambios en esta pol\u00edtica. Cualquier cambio en esta pol\u00edtica ser\u00e1 publicado. <\/p>\n<p>[\/et_pb_text][\/et_pb_column][\/et_pb_row][\/et_pb_section][et_pb_section bb_built=\u00bb1&#8243; fullwidth=\u00bbon\u00bb specialty=\u00bboff\u00bb _builder_version=\u00bb3.21&#8243; background_color=\u00bb#f9e1b1&#8243; custom_padding=\u00bb0px||0px|\u00bb global_module=\u00bb287&#8243; prev_background_color=\u00bb#ffffff\u00bb][et_pb_fullwidth_header global_parent=\u00bb287&#8243; _builder_version=\u00bb3.21&#8243; background_color=\u00bb#56130b\u00bb custom_padding=\u00bb10px||10px|\u00bb disabled=\u00bbon\u00bb disabled_on=\u00bbon|on|on\u00bb \/][et_pb_fullwidth_code admin_label=\u00bbFullwidth Code: Newsletter\u00bb global_parent=\u00bb287&#8243; _builder_version=\u00bb3.21&#8243; module_id=\u00bbds-transparent-optin\u00bb disabled=\u00bbon\u00bb disabled_on=\u00bbon|on|on\u00bb]<div class=\"et_bloom_inline_form et_bloom_optin et_bloom_make_form_visible et_bloom_optin_1\" style=\"display: none;\">\n\t\t\t\t<style type=\"text\/css\">.et_bloom .et_bloom_optin_1 .et_bloom_form_container .et_bloom_form_header { background-color: #55120b !important; } .et_bloom .et_bloom_optin_1 .et_bloom_form_content button { background-color: #946578 !important; } .et_bloom .et_bloom_optin_1 .et_bloom_form_content .et_bloom_fields i { color: #946578 !important; } .et_bloom .et_bloom_optin_1 .et_bloom_form_content .et_bloom_custom_field_radio i:before { background: #946578 !important; } .et_bloom .et_bloom_optin_1 .et_bloom_form_content button { background-color: #946578 !important; } .et_bloom .et_bloom_optin_1 .et_bloom_form_container h2, .et_bloom .et_bloom_optin_1 .et_bloom_form_container h2 span, .et_bloom .et_bloom_optin_1 .et_bloom_form_container h2 strong { font-family: \"Open Sans\", Helvetica, Arial, Lucida, sans-serif; }.et_bloom .et_bloom_optin_1 .et_bloom_form_container p, .et_bloom .et_bloom_optin_1 .et_bloom_form_container p span, .et_bloom .et_bloom_optin_1 .et_bloom_form_container p strong, .et_bloom .et_bloom_optin_1 .et_bloom_form_container form input, .et_bloom .et_bloom_optin_1 .et_bloom_form_container form button span { font-family: \"Open Sans\", Helvetica, Arial, Lucida, sans-serif; } @media screen and (min-width: 640px) { .et_bloom .et_bloom_optin_1 .et_bloom_form_content button { margin-left: 10px; } }<\/style>\n\t\t\t\t<div class=\"et_bloom_form_container  et_bloom_rounded et_bloom_form_text_dark et_bloom_form_bottom et_bloom_inline_2_fields\">\n\t\t\t\t\t\n\t\t\t<div class=\"et_bloom_form_container_wrapper clearfix\">\n\t\t\t\t<div class=\"et_bloom_header_outer\">\n\t\t\t\t\t<div class=\"et_bloom_form_header et_bloom_header_text_dark\">\n\t\t\t\t\t\t\n\t\t\t\t\t\t<div class=\"et_bloom_form_text\">\n\t\t\t\t\t\t<h2><strong><span style=\"color: #f9e1b1;\">Treatment Providers: Join our E-mail List to Receive Updates<\/span><\/strong><\/h2><p><span style=\"color: #ffffff;\"><strong>Counselors, join our mailing list to receive the\u00a0latest news from our Problem Gambling Conferences<\/strong><\/span><\/p>\n\t\t\t\t\t<\/div>\n\t\t\t\t\t\t\n\t\t\t\t\t<\/div>\n\t\t\t\t<\/div>\n\t\t\t\t<div class=\"et_bloom_form_content et_bloom_2_fields et_bloom_bottom_inline\">\n\t\t\t\t\t\n\t\t\t\t\t\n\t\t\t\t\t<form method=\"post\" class=\"clearfix\">\n\t\t\t\t\t\t<div class=\"et_bloom_fields\">\n\t\t\t\t\t\t\t<p class=\"et_bloom_popup_input et_bloom_subscribe_name\">\n\t\t\t\t\t\t\t\t<input placeholder=\"First Name\" maxlength=\"50\">\n\t\t\t\t\t\t\t<\/p>\n\t\t\t\t\t\t\t<p class=\"et_bloom_popup_input et_bloom_subscribe_email\">\n\t\t\t\t\t\t\t\t<input placeholder=\"Email Address\">\n\t\t\t\t\t\t\t<\/p>\n\t\t\t\t\t\t\t\n\t\t\t\t\t\t\t<button data-optin_id=\"optin_1\" data-service=\"constant_contact\" data-list_id=\"1718077029\" data-page_id=\"3873\" data-account=\"rganmconference@gmail.com\" data-ip_address=\"true\" class=\"et_bloom_submit_subscription\">\n\t\t\t\t\t\t\t\t<span class=\"et_bloom_subscribe_loader\"><\/span>\n\t\t\t\t\t\t\t\t<span class=\"et_bloom_button_text et_bloom_button_text_color_light\">SUBSCRIBE!<\/span>\n\t\t\t\t\t\t\t<\/button>\n\t\t\t\t\t\t<\/div>\n\t\t\t\t\t<\/form>\n\t\t\t\t\t<div class=\"et_bloom_success_container\">\n\t\t\t\t\t\t<span class=\"et_bloom_success_checkmark\"><\/span>\n\t\t\t\t\t<\/div>\n\t\t\t\t\t<h2 class=\"et_bloom_success_message\">Thank you for subscribing to our newsletter! Coming soon to your email address!<\/h2>\n\t\t\t\t\t\n\t\t\t\t<\/div>\n\t\t\t<\/div>\n\t\t\t<span class=\"et_bloom_close_button\"><\/span>\n\t\t\t\t<\/div>\n\t\t\t<\/div><!-- [et_pb_line_break_holder] --><!-- [et_pb_line_break_holder] -->[\/et_pb_fullwidth_code][et_pb_fullwidth_header global_parent=\u00bb287&#8243; _builder_version=\u00bb3.19.14&#8243; background_color=\u00bb#56130b\u00bb custom_padding=\u00bb10px||10px|\u00bb \/][et_pb_fullwidth_code admin_label=\u00bbFullwidth Code: Casino Logos\u00bb global_parent=\u00bb287&#8243; _builder_version=\u00bb3.21&#8243; text_orientation=\u00bbcenter\u00bb module_class=\u00bbcasinologos\u00bb custom_padding=\u00bb0px||0px|\u00bb disabled=\u00bboff\u00bb disabled_on=\u00bbon|off|\u00bb]<\/p>\n<div class=\"casinologos\"><!-- [et_pb_line_break_holder] --><img decoding=\"async\" src=\"https:\/\/rganm.org\/wp-content\/uploads\/2019\/02\/SCHC_logo.png\" style=\"float: left; margin-right: 1%; margin-bottom: 0.5em;\" alt=\"Santa Claran Hotel &#038; Casino\"><!-- [et_pb_line_break_holder] --><img decoding=\"async\" src=\"https:\/\/rganm.org\/wp-content\/uploads\/2019\/02\/mescalero.png\" style=\"float: left; margin-right: 1%; margin-bottom: 0.5em;\" alt=\"Mescalero\"><!-- [et_pb_line_break_holder] --><img decoding=\"async\" src=\"https:\/\/rganm.org\/wp-content\/uploads\/2019\/02\/acoma.png\" style=\"float: left; margin-right: 1%; margin-bottom: 0.5em;\" alt=\"Acoma\"><!-- [et_pb_line_break_holder] --><img decoding=\"async\" src=\"https:\/\/rganm.org\/wp-content\/uploads\/2019\/02\/blackmesa.png\" style=\"float: left; margin-right: 1%; margin-bottom: 0.5em;\" alt=\"Black Mesa\"><!-- [et_pb_line_break_holder] --><img decoding=\"async\" src=\"https:\/\/rganm.org\/wp-content\/uploads\/2019\/02\/wildhorse.png\" style=\"float: left; margin-right: 1%; margin-bottom: 0.5em;\" alt=\"Wild Horse\"><!-- [et_pb_line_break_holder] --><img decoding=\"async\" src=\"https:\/\/rganm.org\/wp-content\/uploads\/2019\/02\/apachenugget.png\" style=\"float: left; margin-right: 1%; margin-bottom: 0.5em;\" alt=\"Apache Nugget\"><!-- [et_pb_line_break_holder] --><img decoding=\"async\" src=\"https:\/\/rganm.org\/wp-content\/uploads\/2019\/02\/isleta.png\" style=\"float: left; margin-right: 1%; margin-bottom: 0.5em;\" alt=\"Isleta\"><!-- [et_pb_line_break_holder] --><img decoding=\"async\" src=\"https:\/\/rganm.org\/wp-content\/uploads\/2019\/02\/santaana.png\" style=\"float: left; margin-right: 1%; margin-bottom: 0.5em;\" alt=\"Santa Ana\"><!-- [et_pb_line_break_holder] --><img decoding=\"async\" src=\"https:\/\/rganm.org\/wp-content\/uploads\/2019\/02\/tmc-e1550615085428.png\" style=\"float: left; margin-right: 1%; margin-bottom: 0.5em;\" alt=\"Taos Moutain Casino\"><!-- [et_pb_line_break_holder] --><img decoding=\"async\" src=\"https:\/\/rganm.org\/wp-content\/uploads\/2019\/02\/DEC-New-Logo.png\" style=\"float: left; margin-right: 1%; margin-bottom: 0.5em; height: 90px;\" alt=\"Dancing Eagle\"><!-- [et_pb_line_break_holder] --><img decoding=\"async\" src=\"https:\/\/rganm.org\/wp-content\/uploads\/2019\/02\/Casino-Xpress-Logo.png\" style=\"float: left; margin-right: 1%; margin-bottom: 0.5em; margin-top:20px;\" alt=\"Casino Express\"><!-- [et_pb_line_break_holder] --><img decoding=\"async\" src=\"https:\/\/rganm.org\/wp-content\/uploads\/2019\/02\/RT66_logo.png\" style=\"float: left; margin-right: 1%; margin-bottom: 0.5em;\" alt=\"Route 66 Casino\"><!-- [et_pb_line_break_holder] --><img decoding=\"async\" src=\"https:\/\/rganm.org\/wp-content\/uploads\/2019\/02\/Ohkay-Casino-logo-purple-small.png\" style=\"float: left; margin-right: 1%; margin-bottom: 0.5em; margin-top:20px;\" alt=\"OhKay Casino\"><!-- [et_pb_line_break_holder] --><\/div>\n<p>[\/et_pb_fullwidth_code][et_pb_fullwidth_image admin_label=\u00bbFullwidth Image: Header Mountain Range\u00bb global_parent=\u00bb287&#8243; _builder_version=\u00bb3.19.14&#8243; src=\u00bbhttps:\/\/rganm.org\/wp-content\/uploads\/2019\/02\/HeaderRange3.png\u00bb custom_padding=\u00bb0px||0px|\u00bb \/][et_pb_fullwidth_image admin_label=\u00bbFullwidth Image: Header Pattern\u00bb global_parent=\u00bb287&#8243; _builder_version=\u00bb3.19.14&#8243; src=\u00bbhttps:\/\/rganm.org\/wp-content\/uploads\/2019\/02\/HeaderPattern3-01.png\u00bb custom_padding=\u00bb0px||0px|\u00bb \/][\/et_pb_section]<\/p>\n","protected":false},"excerpt":{"rendered":"<p><div class=\"et_pb_row et_pb_row_0 et_pb_row_empty\">\n\t\t\t\t\n\t\t\t\t\n\t\t\t\t\n\t\t\t\t\n\t\t\t\t\n\t\t\t<\/div> Pol\u00edtica de privacidad Gracias por visitar nuestro sitio web. Esta pol\u00edtica de privacidad le informa sobre c\u00f3mo utilizamos la informaci\u00f3n personal recopilada en este sitio. Lea esta pol\u00edtica de privacidad antes de utilizar el sitio o enviar cualquier informaci\u00f3n personal. Al utilizar el sitio, usted acepta las pr\u00e1cticas descritas en esta pol\u00edtica de privacidad. [&hellip;]<\/p>\n","protected":false},"author":1,"featured_media":0,"parent":0,"menu_order":0,"comment_status":"closed","ping_status":"closed","template":"","meta":{"_et_pb_use_builder":"on","_et_pb_old_content":"","_et_gb_content_width":"","footnotes":""},"class_list":["post-3873","page","type-page","status-publish","hentry"],"aioseo_notices":[],"_links":{"self":[{"href":"https:\/\/rganm.org\/es\/wp-json\/wp\/v2\/pages\/3873","targetHints":{"allow":["GET"]}}],"collection":[{"href":"https:\/\/rganm.org\/es\/wp-json\/wp\/v2\/pages"}],"about":[{"href":"https:\/\/rganm.org\/es\/wp-json\/wp\/v2\/types\/page"}],"author":[{"embeddable":true,"href":"https:\/\/rganm.org\/es\/wp-json\/wp\/v2\/users\/1"}],"replies":[{"embeddable":true,"href":"https:\/\/rganm.org\/es\/wp-json\/wp\/v2\/comments?post=3873"}],"version-history":[{"count":0,"href":"https:\/\/rganm.org\/es\/wp-json\/wp\/v2\/pages\/3873\/revisions"}],"wp:attachment":[{"href":"https:\/\/rganm.org\/es\/wp-json\/wp\/v2\/media?parent=3873"}],"curies":[{"name":"wp","href":"https:\/\/api.w.org\/{rel}","templated":true}]}}