{"id":3869,"date":"2020-01-09T14:33:16","date_gmt":"2020-01-09T21:33:16","guid":{"rendered":"https:\/\/rganm.org\/ninos-y-juego\/"},"modified":"2026-01-27T07:46:01","modified_gmt":"2026-01-27T14:46:01","slug":"ninos-y-juego","status":"publish","type":"page","link":"https:\/\/rganm.org\/es\/ninos-y-juego\/","title":{"rendered":"Ni\u00f1os y juego"},"content":{"rendered":"<p>[et_pb_section fb_built=\u00bb1&#8243; inner_shadow=\u00bbon\u00bb fullwidth=\u00bbon\u00bb _builder_version=\u00bb3.19.14&#8243; background_color=\u00bb#4fb4f4&#8243; global_module=\u00bb286&#8243; global_colors_info=\u00bb{}\u00bb][et_pb_fullwidth_image src=\u00bbhttps:\/\/rganm.org\/wp-content\/uploads\/2019\/08\/RGANMPot1_e9b7f1b268fc084721ca96787926dac4.png\u00bb admin_label=\u00bbFullwidth Image: Logo\u00bb module_class=\u00bbrganmpot\u00bb _builder_version=\u00bb4.16&#8243; custom_margin=\u00bb-200px|||\u00bb z_index_tablet=\u00bb500&#8243; box_shadow_horizontal_tablet=\u00bb0px\u00bb box_shadow_vertical_tablet=\u00bb0px\u00bb box_shadow_blur_tablet=\u00bb40px\u00bb box_shadow_spread_tablet=\u00bb0px\u00bb global_colors_info=\u00bb{}\u00bb][\/et_pb_fullwidth_image][et_pb_fullwidth_image src=\u00bbhttps:\/\/rganm.org\/wp-content\/uploads\/2019\/02\/HeaderRange2.png\u00bb admin_label=\u00bbFullwidth Image: Header Mountain Range\u00bb _builder_version=\u00bb4.19.5&#8243; max_width_tablet=\u00bb\u00bb max_width_phone=\u00bb\u00bb max_width_last_edited=\u00bbon|phone\u00bb global_colors_info=\u00bb{}\u00bb][\/et_pb_fullwidth_image][et_pb_fullwidth_menu menu_id=\u00bb16&#8243; submenu_direction=\u00bbdownwards\u00bb fullwidth_menu=\u00bbon\u00bb dropdown_menu_line_color=\u00bb#f9e1b1&#8243; admin_label=\u00bbFullwidth English Menu\u00bb _builder_version=\u00bb4.16&#8243; menu_font=\u00bbOpen Sans|700|||||||\u00bb menu_text_color=\u00bb#f9e1b1&#8243; menu_font_size=\u00bb16px\u00bb background_color=\u00bb#56130b\u00bb text_orientation=\u00bbcenter\u00bb background_layout=\u00bbdark\u00bb custom_padding=\u00bb0px||0px|\u00bb global_colors_info=\u00bb{}\u00bb][\/et_pb_fullwidth_menu][et_pb_fullwidth_image src=\u00bbhttps:\/\/rganm.org\/wp-content\/uploads\/2019\/02\/HeaderPattern3-01.png\u00bb admin_label=\u00bbFullwidth Image: Header Pattern\u00bb _builder_version=\u00bb4.19.5&#8243; max_width_tablet=\u00bb\u00bb max_width_phone=\u00bb\u00bb max_width_last_edited=\u00bbon|phone\u00bb global_colors_info=\u00bb{}\u00bb][\/et_pb_fullwidth_image][et_pb_fullwidth_header _builder_version=\u00bb4.19.5&#8243; background_color=\u00bb#56130b\u00bb custom_padding=\u00bb10px||10px|\u00bb global_colors_info=\u00bb{}\u00bb][\/et_pb_fullwidth_header][\/et_pb_section][et_pb_section fb_built=\u00bb1&#8243; _builder_version=\u00bb4.16&#8243; background_color=\u00bb#eaeaea\u00bb global_colors_info=\u00bb{}\u00bb][et_pb_row column_structure=\u00bb3_5,2_5&#8243; _builder_version=\u00bb4.16&#8243; background_size=\u00bbinitial\u00bb background_position=\u00bbtop_left\u00bb background_repeat=\u00bbrepeat\u00bb global_colors_info=\u00bb{}\u00bb][et_pb_column type=\u00bb3_5&#8243; _builder_version=\u00bb4.16&#8243; custom_padding=\u00bb|||\u00bb global_colors_info=\u00bb{}\u00bb custom_padding__hover=\u00bb|||\u00bb][et_pb_text admin_label=\u00bbText: Get Help With a Gambling Addiction\u00bb _builder_version=\u00bb4.27.4&#8243; hover_enabled=\u00bb0&#8243; global_colors_info=\u00bb{}\u00bb sticky_enabled=\u00bb0&#8243;]<\/p>\n<h2>Ense\u00f1ar a los ni\u00f1os sobre el juego<\/h2>\n<div>\n<p>Algunos de los casinos miembros de RGANM ofrecen opciones de entretenimiento familiar, como boleras, restaurantes, conciertos y actividades sociales para clientes menores de 21 a\u00f1os. Al igual que en cualquier otro lugar p\u00fablico, animamos a los padres a supervisar a sus hijos en todo momento mientras se encuentren en un casino, y a educar a los ni\u00f1os sobre los <a href=\"https:\/\/rganm.org\/signs-of-problem-gambling\/\">riesgos del juego excesivo<\/a>. <\/p>\n<p>Muchos adultos que buscan ayuda para problemas de juego a trav\u00e9s de RGANM comenzaron su h\u00e1bito de juego cuando eran menores de edad, a veces con juegos de cartas jugados en familia. Es responsabilidad de los adultos, las fuerzas del orden locales y los establecimientos de juego educar a los j\u00f3venes sobre el juego en general, con el fin de evitar que los menores tomen decisiones que puedan comprometer su futuro, por lo dem\u00e1s, prometedor. <\/p>\n<p>\u00danase a nosotros en nuestros esfuerzos por educar a los ni\u00f1os y <a href=\"https:\/\/rganm.org\/es\/adolescentes-y-juego\/\"><u>adolescentes<\/u><\/a> sobre las conductas de juego. Estas son cosas que esperamos que los padres compartan con los ni\u00f1os m\u00e1s peque\u00f1os: <\/p>\n<ul>\n<li>El juego es una forma de entretenimiento para adultos; no es una forma de ganar dinero. No es glamuroso, es solo un juego, y nadie tiene tanta \u00abbuena suerte\u00bb como para ganar todo el tiempo. <\/li>\n<li>Los juegos jugados en familia no deben centrarse en el juego. Haga que los juegos de cartas y otros juegos se centren en la diversi\u00f3n y la relaci\u00f3n que tienen juntos. El blackjack, por ejemplo, puede ser una buena manera de ayudar a los ni\u00f1os a aprender matem\u00e1ticas, pero no debe jugarse con monedas o fichas.  <\/li>\n<li>Supervise la actividad en l\u00ednea, las aplicaciones y los juegos. Supervise los sitios que visita su hijo. Algunos utilizan dinero de mentira como actividad de apuesta, lo que puede ense\u00f1ar a los ni\u00f1os el \u00absubid\u00f3n\u00bb de ganar dinero. Est\u00e9 atento a los casinos en l\u00ednea, que tienen sistemas de verificaci\u00f3n bastante laxos. Con los j\u00f3venes mayores que puedan tener acceso a una tarjeta de d\u00e9bito o cr\u00e9dito, revise los extractos bancarios y hable con su hijo si hay alg\u00fan cargo fuera de lugar.    <\/li>\n<\/ul>\n<p>&nbsp;<\/p>\n<p>Cada vez que los padres traigan a sus hijos a un casino para entretenimiento o para comer, los ni\u00f1os deben ser supervisados adecuadamente. Si el personal de seguridad del casino ve ni\u00f1os sin supervisi\u00f3n, seguir\u00e1 el protocolo adecuado e intentar\u00e1 localizar a un padre. Si su hijo desaparece en un casino, p\u00f3ngase en contacto con un miembro del personal del casino inmediatamente. Se aconseja al personal de los casinos de RGANM que alerte a las autoridades competentes si perciben negligencia hacia los ni\u00f1os en uno de nuestros casinos. El personal puede ponerse en contacto con el Departamento de Ni\u00f1os, J\u00f3venes y Familias de Nuevo M\u00e9xico o con las fuerzas del orden locales en caso de negligencia, y lo har\u00e1.    <\/p>\n<p>Hoy en d\u00eda, las apuestas deportivas, ya sea en un partido televisado o en un evento local, son cada vez m\u00e1s frecuentes. Ya sea una aplicaci\u00f3n en l\u00ednea o un grupo de apuestas, los padres de adolescentes y ni\u00f1os peque\u00f1os no deben permitir las apuestas de menores de edad. Esperamos que los padres animen a los j\u00f3venes a participar en deportes y a fomentar el trabajo en equipo y la colaboraci\u00f3n, sin apostar por el resultado, con el fin de proteger a los jugadores.  <\/p>\n<p>Si tiene alguna preocupaci\u00f3n sobre su hijo y el juego, los siguientes sitios pueden ser \u00fatiles. La Asociaci\u00f3n de Juego Responsable de Nuevo M\u00e9xico trabaja para educar sobre la necesidad de mantener el juego como entretenimiento, y para proporcionar prevenci\u00f3n y tratamiento. Si le preocupa el juego en su vida o en la de su familia, consulte nuestros recursos en la p\u00e1gina <a href=\"https:\/\/rganm.org\/help-for-problem-gambling\/\">Obtener ayuda<\/a>.  <\/p>\n<p><strong>Enlaces \u00fatiles:<\/strong><\/p>\n<p><a href=\"http:\/\/www.safestakes.org\/blog\/how-to-prevent-teen-gambling-a-parents-guide\/\" target=\"_blank\" rel=\"noopener noreferrer\">http:\/\/www.safestakes.org\/blog\/how-to-prevent-teen-gambling-a-parents-guide\/<\/a><\/p>\n<p><a href=\"http:\/\/www.safestakes.org\/blog\/teen-gambling-3-talking-points-parents-need-to-know\/\" target=\"_blank\" rel=\"noopener noreferrer\">http:\/\/www.safestakes.org\/blog\/teen-gambling-3-talking-points-parents-need-to-know\/<\/a><\/p>\n<p><a href=\"https:\/\/www.crchealth.com\/troubled-teenagers\/teen-gambling\/\" target=\"_blank\" rel=\"noopener noreferrer\">https:\/\/www.crchealth.com\/troubled-teenagers\/teen-gambling\/<\/a><\/p>\n<p><a href=\"https:\/\/www.bbc.com\/news\/education-44788896\" target=\"_blank\" rel=\"noopener noreferrer\">https:\/\/www.bbc.com\/news\/education-44788896<\/a><\/p>\n<\/div>\n<p>[\/et_pb_text][et_pb_text _builder_version=\u00bb4.16&#8243; hover_enabled=\u00bb0&#8243; global_colors_info=\u00bb{}\u00bb sticky_enabled=\u00bb0&#8243;]<\/p>\n<h4> \u201cMi conciencia sobre el juego comenz\u00f3 cuando era ni\u00f1o. En la tradici\u00f3n Navajo, hay juegos tradicionales que implican alg\u00fan tipo de apuesta. Nadie lo identific\u00f3 como juego. Era solo un juego\u2026 pero as\u00ed fue como me enganch\u00e9 a ganar, y a apostar\u201d. ~JJ Otero<\/h4>\n<p>[\/et_pb_text][\/et_pb_column][et_pb_column type=\u00bb2_5&#8243; _builder_version=\u00bb4.16&#8243; custom_padding=\u00bb|||\u00bb global_colors_info=\u00bb{}\u00bb custom_padding__hover=\u00bb|||\u00bb][et_pb_video src=\u00bbhttps:\/\/www.youtube.com\/watch?v=1haADvqvou8&#8243; admin_label=\u00bbVideo: Documentary\u00bb _builder_version=\u00bb4.19.5&#8243; _module_preset=\u00bbdefault\u00bb global_colors_info=\u00bb{}\u00bb][\/et_pb_video][et_pb_text admin_label=\u00bbText: Watch our 30-minute documentary&#8230;\u00bb _builder_version=\u00bb4.19.5&#8243; _module_preset=\u00bbdefault\u00bb text_orientation=\u00bbcenter\u00bb global_colors_info=\u00bb{}\u00bb]<\/p>\n<p><strong>Vea nuestro documental de 30 minutos sobre RGANM y los recursos de juego compulsivo que est\u00e1n disponibles. <\/strong><\/p>\n<p>[\/et_pb_text][et_pb_image src=\u00bbhttps:\/\/rganm.org\/wp-content\/uploads\/2019\/02\/sidebartop.png\u00bb show_bottom_space=\u00bboff\u00bb align=\u00bbcenter\u00bb align_tablet=\u00bbcenter\u00bb align_phone=\u00bb\u00bb align_last_edited=\u00bbon|desktop\u00bb admin_label=\u00bbImage: Sidebar Top\u00bb _builder_version=\u00bb4.16&#8243; max_width=\u00bb85%\u00bb module_alignment=\u00bbcenter\u00bb custom_css_main_element=\u00bbposition: relative;||\u00bb global_colors_info=\u00bb{}\u00bb][\/et_pb_image][et_pb_text admin_label=\u00bbText: Gambling Help Line\u00bb _builder_version=\u00bb4.16&#8243; text_orientation=\u00bbcenter\u00bb background_layout=\u00bbdark\u00bb custom_css_main_element=\u00bbposition: relative;||top: -30px;\u00bb global_colors_info=\u00bb{}\u00bb]<\/p>\n<p><strong>L\u00ednea de ayuda sobre el juego<\/strong><\/p>\n<p>[\/et_pb_text][et_pb_text admin_label=\u00bbText: TTC Phone\u00bb _builder_version=\u00bb4.16&#8243; header_3_font=\u00bbOpen Sans|700|||||||\u00bb header_3_text_align=\u00bbcenter\u00bb header_3_text_color=\u00bb#ffffff\u00bb header_3_font_size=\u00bb30px\u00bb background_color=\u00bb#4fb4f4&#8243; text_orientation=\u00bbcenter\u00bb background_layout=\u00bbdark\u00bb custom_margin=\u00bb-58px|||\u00bb custom_padding=\u00bb10px||10px|\u00bb header_3_text_shadow_style=\u00bbpreset3&#8243; border_radii=\u00bbon|10px|10px|10px|10px\u00bb box_shadow_style=\u00bbpreset3&#8243; global_colors_info=\u00bb{}\u00bb]<\/p>\n<h3><span style=\"text-decoration: underline;\"><strong><a href=\"tel:+18886962440\" target=\"_blank\" rel=\"noopener noreferrer\">(888) 696-2440<\/a><\/strong><\/span><\/h3>\n<p><strong>Disponible 24\/7<\/strong><\/p>\n<p>[\/et_pb_text][et_pb_image src=\u00bbhttps:\/\/rganm.org\/wp-content\/uploads\/2019\/02\/sidebartop.png\u00bb show_bottom_space=\u00bboff\u00bb align=\u00bbcenter\u00bb align_tablet=\u00bbcenter\u00bb align_phone=\u00bb\u00bb align_last_edited=\u00bbon|desktop\u00bb admin_label=\u00bbImage: Sidebar Top\u00bb _builder_version=\u00bb4.16&#8243; max_width=\u00bb85%\u00bb module_alignment=\u00bbcenter\u00bb custom_margin=\u00bb60px|||\u00bb custom_css_main_element=\u00bbposition: relative;\u00bb global_colors_info=\u00bb{}\u00bb][\/et_pb_image][et_pb_text admin_label=\u00bbText: There Is Hope\u00bb _builder_version=\u00bb4.16&#8243; text_orientation=\u00bbcenter\u00bb background_layout=\u00bbdark\u00bb custom_css_main_element=\u00bbposition: relative;||top: -30px;\u00bb global_colors_info=\u00bb{}\u00bb]<\/p>\n<p><strong>Hay esperanza<\/strong><\/p>\n<p>[\/et_pb_text][et_pb_text admin_label=\u00bbText: JJ Otero Quote\u00bb _builder_version=\u00bb4.16&#8243; header_3_font=\u00bbOpen Sans|700|||||||\u00bb header_3_text_align=\u00bbcenter\u00bb header_3_text_color=\u00bb#ffffff\u00bb header_3_font_size=\u00bb30px\u00bb background_color=\u00bb#4fb4f4&#8243; background_layout=\u00bbdark\u00bb custom_margin=\u00bb-58px|||\u00bb custom_padding=\u00bb20px|20px|20px|20px\u00bb header_3_text_shadow_style=\u00bbpreset3&#8243; border_radii=\u00bbon|10px|10px|10px|10px\u00bb box_shadow_style=\u00bbpreset3&#8243; global_colors_info=\u00bb{}\u00bb]<\/p>\n<p><strong>\u00abSi est\u00e1 lidiando con problemas de adicci\u00f3n, si est\u00e1 lidiando con problemas de juego, quiero que sepa que hay esperanza. En primer lugar, hay personas, programas y recursos que le permitir\u00e1n compartir con lo que est\u00e1 lidiando; por lo que est\u00e1 pasando. Hay tantos recursos. Pru\u00e9belos todos y encuentre algo que funcione.\u00bb<\/strong><\/p>\n<p style=\"float: right;\"><em>~ JJ Otero<\/em><\/p>\n<p>[\/et_pb_text][et_pb_image src=\u00bbhttps:\/\/rganm.org\/wp-content\/uploads\/2019\/02\/sidebartop.png\u00bb show_bottom_space=\u00bboff\u00bb align=\u00bbcenter\u00bb align_tablet=\u00bbcenter\u00bb align_phone=\u00bb\u00bb align_last_edited=\u00bbon|desktop\u00bb admin_label=\u00bbImage: Sidebar Top\u00bb _builder_version=\u00bb4.16&#8243; max_width=\u00bb85%\u00bb module_alignment=\u00bbcenter\u00bb custom_margin=\u00bb60px|||\u00bb custom_css_main_element=\u00bbposition: relative;\u00bb global_colors_info=\u00bb{}\u00bb][\/et_pb_image][et_pb_text admin_label=\u00bbText: Warning Signs Of A Problem\u00bb _builder_version=\u00bb4.16&#8243; text_orientation=\u00bbcenter\u00bb background_layout=\u00bbdark\u00bb z_index_tablet=\u00bb500&#8243; custom_css_main_element=\u00bbposition: relative;||top: -30px;\u00bb global_colors_info=\u00bb{}\u00bb]<\/p>\n<p><strong>Se\u00f1ales de advertencia de un problema<\/strong><\/p>\n<p>[\/et_pb_text][et_pb_text admin_label=\u00bbText: 10 Questions\u00bb module_class=\u00bbregproc\u00bb _builder_version=\u00bb4.16&#8243; header_3_font=\u00bbOpen Sans|700|||||||\u00bb header_3_text_align=\u00bbcenter\u00bb header_3_text_color=\u00bb#ffffff\u00bb header_3_font_size=\u00bb30px\u00bb background_color=\u00bb#4fb4f4&#8243; background_layout=\u00bbdark\u00bb custom_margin=\u00bb-58px|||\u00bb custom_padding=\u00bb20px|20px|20px|20px\u00bb z_index_tablet=\u00bb500&#8243; header_3_text_shadow_style=\u00bbpreset3&#8243; border_radii=\u00bbon|10px|10px|10px|10px\u00bb box_shadow_style=\u00bbpreset3&#8243; global_colors_info=\u00bb{}\u00bb]<\/p>\n<p><strong>Utilice estas 10 preguntas para preguntarse si podr\u00eda tener un problema con el juego:<\/strong><\/p>\n<p>&nbsp;<\/p>\n<ol>\n<li style=\"list-style-type: none;\">\n<ol>\n<li><strong>\u00bfPierde tiempo del trabajo o de la familia debido al juego?<\/strong><\/li>\n<li><strong>\u00bfJuega m\u00e1s tiempo del que hab\u00eda planeado?<\/strong><\/li>\n<li><strong>\u00bfJuega para escapar de la preocupaci\u00f3n o los problemas?<\/strong><\/li>\n<li><strong>\u00bfTiene la necesidad de celebrar la buena fortuna con unas horas de juego?<\/strong><\/li>\n<li><strong>\u00bfPide dinero prestado para jugar o pagar deudas de juego?<\/strong><\/li>\n<li><strong>\u00bfDescuidar el bienestar de s\u00ed mismo o de su familia debido al juego?<\/strong><\/li>\n<li><strong>\u00bfJuega para conseguir dinero para resolver dificultades financieras?<\/strong><\/li>\n<li><strong>\u00bfHace promesas a s\u00ed mismo o a otros para dejar de jugar, solo para volver a jugar de nuevo?<\/strong><\/li>\n<li><strong>\u00bfVende o empe\u00f1a posesiones personales para conseguir dinero para jugar?<\/strong><\/li>\n<li><strong>\u00bfJuega con dinero que deber\u00eda utilizarse para las facturas del hogar (pago del coche, hipoteca, servicios p\u00fablicos)?<\/strong><\/li>\n<\/ol>\n<\/li>\n<\/ol>\n<p>[\/et_pb_text][\/et_pb_column][\/et_pb_row][\/et_pb_section][et_pb_section fb_built=\u00bb1&#8243; fullwidth=\u00bbon\u00bb _builder_version=\u00bb4.27.3&#8243; background_color=\u00bb#f9e1b1&#8243; width=\u00bb100%\u00bb module_alignment=\u00bbcenter\u00bb custom_padding=\u00bb0px||0px|\u00bb global_module=\u00bb287&#8243; global_colors_info=\u00bb{}\u00bb][et_pb_fullwidth_code admin_label=\u00bbBloom\u00bb _builder_version=\u00bb4.19.5&#8243; background_color=\u00bb#56130B\u00bb text_orientation=\u00bbcenter\u00bb module_alignment=\u00bbcenter\u00bb custom_margin=\u00bb||-60px||false|false\u00bb custom_margin_tablet=\u00bb||0px||false|false\u00bb custom_margin_phone=\u00bb\u00bb custom_margin_last_edited=\u00bbon|desktop\u00bb custom_padding=\u00bb0px||0px|80px|false|false\u00bb custom_css_main_element=\u00bbtop: -30px;\u00bb global_colors_info=\u00bb{}\u00bb]<div data-form-id=\"2955\" id=\"ctct-form-wrapper-0\" class=\"ctct-form-wrapper et_pb_contact\"><span class=\"ctct-form-description\" ><h2 style=\"text-align: center;color: #f9e1b1;padding-top: 25px\"><strong>Treatment Providers: Join our E-mail List to Receive Updates<\/strong><\/h2>\n<p style=\"text-align: center;color: #fff;margin-bottom: 25px\">Counselors, join our mailing list to receive the latest news from our Problem Gambling Conferences<\/p>\n<\/span><form class=\"ctct-form ctct-form-2955 comment-form  no-recaptcha ctct-default subs\" id=\"ctct-form-4239231676\" data-doajax=\"off\" style=\"\" action=\"\" method=\"post\"><p class=\"ctct-form-field ctct-form-field-text ctct-form-field-required\"><span class=\"ctct-label-hidden\"><label for=\"first_name___521ad57ef9bb28ff81c398e42f1c1f45_0_2688051740\">First Name <span class=\"ctct-required-indicatior\" title=\"This is a required field\">*<\/span><\/label><\/span><input required aria-required=\"true\"  type=\"text\" id=\"first_name___521ad57ef9bb28ff81c398e42f1c1f45_0_2688051740\" name=\"first_name___521ad57ef9bb28ff81c398e42f1c1f45\"  value=\"\" class=\"ctct-text ctct-label-hidden subs first_name___521ad57ef9bb28ff81c398e42f1c1f45\" maxlength=\"255\" placeholder=\"First Name\"  \/><\/p><p class=\"ctct-form-field ctct-form-field-email ctct-form-field-required\"><span class=\"ctct-label-hidden\"><label for=\"email___c534294fa74575f3aaa39ae2d66458a9_0_3218484256\">Email <span class=\"ctct-required-indicatior\" title=\"This is a required field\">*<\/span><\/label><\/span><input required aria-required=\"true\"  type=\"email\" id=\"email___c534294fa74575f3aaa39ae2d66458a9_0_3218484256\" name=\"email___c534294fa74575f3aaa39ae2d66458a9\"  value=\"\" class=\"ctct-email ctct-label-hidden subs email___c534294fa74575f3aaa39ae2d66458a9\"  placeholder=\"Email Address\"  \/><\/p><div class='ctct-list-selector' style='display:none;'><div class=\"ctct-form-field ctct-form-field-checkbox ctct-form-field-required\"><fieldset><legend class=\"ctct-label-top\">Select list(s) to subscribe to<\/legend><input type=\"checkbox\" name=\"lists___aa3b51621fd3fd524a7a48cda06b2917[]\" id=\"lists___aa3b51621fd3fd524a7a48cda06b2917_0_0\" value=\"720c3ff6-5dff-11ec-a74d-fa163e78853a\" class=\"ctct-checkbox ctct-label-right\" checked \/><span class=\"ctct-label-right\"><label for=\"lists___aa3b51621fd3fd524a7a48cda06b2917_0_0\">Treatment Provider Signups<\/label><\/span><\/fieldset><\/div><\/div><div class=\"ctct-optin-hide\" style=\"display:none;\"><p class=\"ctct-form-field ctct-form-field-checkbox\"><span class=\"ctct-input-container\"><input type=\"checkbox\" checked name=\"ctct-opt-in\" class=\"ctct-checkbox ctct-opt-in\" value=\"1\" id=\"ctct-opt-in_0\" \/><label for=\"ctct-opt-in_0\"> Example: Yes, I would like to receive emails from Responsible Gaming Association of New Mexico. (You can unsubscribe anytime)<\/label><\/span><\/p><\/div><!--.ctct-optin-hide --><p class=\"ctct-form-field ctct-form-field-submit\"><input aria-required=\"false\"  type=\"submit\" id=\"ctct-submitted_0_81717620\" name=\"ctct-submitted\" style=\"color: #ffffff; background-color: #946578;\" value=\"SUBSCRIBE!\" class=\"ctct-submit ctct-label-top subs ctct-submitted\"    \/><\/p><div class=\"ctct_usage\" style=\"border: 0 none; clip: rect( 0, 0, 0, 0 ); height: 1px; margin: -1px; overflow: hidden; padding: 0; position: absolute; width: 1px;\"><label for=\"ctct_usage_field\">Constant Contact Use. Please leave this field blank.<\/label><input type=\"text\" value=\"\" id=\"ctct_usage_field\" name=\"ctct_usage_field\" class=\"ctct_usage_field\" tabindex=\"-1\" \/><\/div><input type=\"hidden\" name=\"ctct-id\" value=\"2955\" \/><input type=\"hidden\" name=\"ctct-verify\" value=\"471B0FJfD2WENcxADKv5bM78P\" \/><input type=\"hidden\" name=\"ctct-instance\" value=\"0\" \/><input type=\"hidden\" name=\"ctct_time\" value=\"1775276696\" \/><\/form><div class=\"ctct-disclosure\"><hr><small>By submitting this form, you are consenting to receive marketing emails from: Responsible Gaming Association of New Mexico, Mailing address: PO Box 65247, Albuquerque, NM, 87193. You can revoke your consent to receive emails at any time by using the SafeUnsubscribe&reg; link, found at the bottom of every email. <a href=\"https:\/\/www.constantcontact.com\/legal\/about-constant-contact\" target=\"_blank\" rel=\"noopener noreferrer\" aria-label=\"About Constant Contact, opens a new window\">Emails are serviced by Constant Contact<\/a><\/small><\/div><script type=\"text\/javascript\">var ajaxurl = \"https:\/\/rganm.org\/wp-admin\/admin-ajax.php\";<\/script><\/div>[\/et_pb_fullwidth_code][et_pb_fullwidth_header _builder_version=\u00bb4.19.5&#8243; background_color=\u00bb#56130b\u00bb custom_margin=\u00bb||-1px|||\u00bb custom_padding=\u00bb10px||10px|\u00bb global_colors_info=\u00bb{}\u00bb][\/et_pb_fullwidth_header][et_pb_fullwidth_image src=\u00bbhttps:\/\/rganm.org\/wp-content\/uploads\/2025\/08\/rganm-footer-logos.jpg\u00bb title_text=\u00bbrganm-footer-logos\u00bb _builder_version=\u00bb4.27.4&#8243; _module_preset=\u00bbdefault\u00bb width=\u00bb62%\u00bb width_tablet=\u00bb100%\u00bb width_phone=\u00bb100%\u00bb width_last_edited=\u00bbon|phone\u00bb module_alignment=\u00bbcenter\u00bb custom_padding=\u00bb15px||||false|false\u00bb global_colors_info=\u00bb{}\u00bb][\/et_pb_fullwidth_image][et_pb_fullwidth_image src=\u00bbhttps:\/\/rganm.org\/wp-content\/uploads\/2019\/08\/HeaderRange3_5b8e6b8c2cde3e87c5f6005640ac6ab7.png\u00bb admin_label=\u00bbFullwidth Image: Header Mountain Range\u00bb _builder_version=\u00bb4.19.5&#8243; custom_padding=\u00bb0px||0px|\u00bb z_index_tablet=\u00bb500&#8243; box_shadow_horizontal_tablet=\u00bb0px\u00bb box_shadow_vertical_tablet=\u00bb0px\u00bb box_shadow_blur_tablet=\u00bb40px\u00bb box_shadow_spread_tablet=\u00bb0px\u00bb global_colors_info=\u00bb{}\u00bb][\/et_pb_fullwidth_image][et_pb_fullwidth_image src=\u00bbhttps:\/\/rganm.org\/wp-content\/uploads\/2019\/02\/HeaderPattern3-01.png\u00bb admin_label=\u00bbFullwidth Image: Header Pattern\u00bb _builder_version=\u00bb4.19.5&#8243; custom_padding=\u00bb0px||0px|\u00bb global_colors_info=\u00bb{}\u00bb][\/et_pb_fullwidth_image][\/et_pb_section]<\/p>\n","protected":false},"excerpt":{"rendered":"<p>Ense\u00f1ar a los ni\u00f1os sobre el juego Algunos de los casinos miembros de RGANM ofrecen opciones de entretenimiento familiar, como boleras, restaurantes, conciertos y actividades sociales para clientes menores de 21 a\u00f1os. Al igual que en cualquier otro lugar p\u00fablico, animamos a los padres a supervisar a sus hijos en todo momento mientras se encuentren [&hellip;]<\/p>\n","protected":false},"author":3,"featured_media":3860,"parent":0,"menu_order":0,"comment_status":"closed","ping_status":"closed","template":"","meta":{"_et_pb_use_builder":"on","_et_pb_old_content":"","_et_gb_content_width":"","footnotes":""},"class_list":["post-3869","page","type-page","status-publish","has-post-thumbnail","hentry"],"aioseo_notices":[],"_links":{"self":[{"href":"https:\/\/rganm.org\/es\/wp-json\/wp\/v2\/pages\/3869","targetHints":{"allow":["GET"]}}],"collection":[{"href":"https:\/\/rganm.org\/es\/wp-json\/wp\/v2\/pages"}],"about":[{"href":"https:\/\/rganm.org\/es\/wp-json\/wp\/v2\/types\/page"}],"author":[{"embeddable":true,"href":"https:\/\/rganm.org\/es\/wp-json\/wp\/v2\/users\/3"}],"replies":[{"embeddable":true,"href":"https:\/\/rganm.org\/es\/wp-json\/wp\/v2\/comments?post=3869"}],"version-history":[{"count":0,"href":"https:\/\/rganm.org\/es\/wp-json\/wp\/v2\/pages\/3869\/revisions"}],"wp:featuredmedia":[{"embeddable":true,"href":"https:\/\/rganm.org\/es\/wp-json\/wp\/v2\/media\/3860"}],"wp:attachment":[{"href":"https:\/\/rganm.org\/es\/wp-json\/wp\/v2\/media?parent=3869"}],"curies":[{"name":"wp","href":"https:\/\/api.w.org\/{rel}","templated":true}]}}