{"id":3868,"date":"2020-01-09T14:27:36","date_gmt":"2020-01-09T21:27:36","guid":{"rendered":"https:\/\/rganm.org\/adolescentes-y-juego\/"},"modified":"2026-01-27T07:46:01","modified_gmt":"2026-01-27T14:46:01","slug":"adolescentes-y-juego","status":"publish","type":"page","link":"https:\/\/rganm.org\/es\/adolescentes-y-juego\/","title":{"rendered":"Adolescentes y juego"},"content":{"rendered":"<p>[et_pb_section fb_built=\u00bb1&#8243; inner_shadow=\u00bbon\u00bb fullwidth=\u00bbon\u00bb _builder_version=\u00bb3.19.14&#8243; background_color=\u00bb#4fb4f4&#8243; global_module=\u00bb286&#8243; global_colors_info=\u00bb{}\u00bb][et_pb_fullwidth_image src=\u00bbhttps:\/\/rganm.org\/wp-content\/uploads\/2019\/08\/RGANMPot1_e9b7f1b268fc084721ca96787926dac4.png\u00bb admin_label=\u00bbFullwidth Image: Logo\u00bb module_class=\u00bbrganmpot\u00bb _builder_version=\u00bb4.16&#8243; custom_margin=\u00bb-200px|||\u00bb z_index_tablet=\u00bb500&#8243; box_shadow_horizontal_tablet=\u00bb0px\u00bb box_shadow_vertical_tablet=\u00bb0px\u00bb box_shadow_blur_tablet=\u00bb40px\u00bb box_shadow_spread_tablet=\u00bb0px\u00bb global_colors_info=\u00bb{}\u00bb][\/et_pb_fullwidth_image][et_pb_fullwidth_image src=\u00bbhttps:\/\/rganm.org\/wp-content\/uploads\/2019\/02\/HeaderRange2.png\u00bb admin_label=\u00bbFullwidth Image: Header Mountain Range\u00bb _builder_version=\u00bb4.19.5&#8243; max_width_tablet=\u00bb\u00bb max_width_phone=\u00bb\u00bb max_width_last_edited=\u00bbon|phone\u00bb global_colors_info=\u00bb{}\u00bb][\/et_pb_fullwidth_image][et_pb_fullwidth_menu menu_id=\u00bb16&#8243; submenu_direction=\u00bbdownwards\u00bb fullwidth_menu=\u00bbon\u00bb dropdown_menu_line_color=\u00bb#f9e1b1&#8243; admin_label=\u00bbFullwidth English Menu\u00bb _builder_version=\u00bb4.16&#8243; menu_font=\u00bbOpen Sans|700|||||||\u00bb menu_text_color=\u00bb#f9e1b1&#8243; menu_font_size=\u00bb16px\u00bb background_color=\u00bb#56130b\u00bb text_orientation=\u00bbcenter\u00bb background_layout=\u00bbdark\u00bb custom_padding=\u00bb0px||0px|\u00bb global_colors_info=\u00bb{}\u00bb][\/et_pb_fullwidth_menu][et_pb_fullwidth_image src=\u00bbhttps:\/\/rganm.org\/wp-content\/uploads\/2019\/02\/HeaderPattern3-01.png\u00bb admin_label=\u00bbFullwidth Image: Header Pattern\u00bb _builder_version=\u00bb4.19.5&#8243; max_width_tablet=\u00bb\u00bb max_width_phone=\u00bb\u00bb max_width_last_edited=\u00bbon|phone\u00bb global_colors_info=\u00bb{}\u00bb][\/et_pb_fullwidth_image][et_pb_fullwidth_header _builder_version=\u00bb4.19.5&#8243; background_color=\u00bb#56130b\u00bb custom_padding=\u00bb10px||10px|\u00bb global_colors_info=\u00bb{}\u00bb][\/et_pb_fullwidth_header][\/et_pb_section][et_pb_section fb_built=\u00bb1&#8243; _builder_version=\u00bb4.16&#8243; background_color=\u00bb#eaeaea\u00bb global_colors_info=\u00bb{}\u00bb][et_pb_row column_structure=\u00bb3_5,2_5&#8243; _builder_version=\u00bb4.16&#8243; background_size=\u00bbinitial\u00bb background_position=\u00bbtop_left\u00bb background_repeat=\u00bbrepeat\u00bb global_colors_info=\u00bb{}\u00bb][et_pb_column type=\u00bb3_5&#8243; _builder_version=\u00bb4.16&#8243; custom_padding=\u00bb|||\u00bb global_colors_info=\u00bb{}\u00bb custom_padding__hover=\u00bb|||\u00bb][et_pb_text admin_label=\u00bbText: Get Help With a Gambling Addiction\u00bb _builder_version=\u00bb4.27.4&#8243; hover_enabled=\u00bb0&#8243; global_colors_info=\u00bb{}\u00bb sticky_enabled=\u00bb0&#8243;]<\/p>\n<h2>Prevenci\u00f3n del juego en adolescentes<\/h2>\n<div>\n<p>Muchos de los casinos miembros de RGANM ofrecen opciones de entretenimiento y restaurantes a las que los j\u00f3venes pueden asistir con sus padres o tutores. En todos los casinos de Nuevo M\u00e9xico, los menores tienen prohibido jugar, pero algunos todav\u00eda intentan hacerlo. Los j\u00f3venes de hoy han crecido con muchos juegos en l\u00ednea que se asemejan a los juegos de azar, lo que puede ponerlos en mayor riesgo de tener un problema con el juego m\u00e1s adelante. Los estudios demuestran que las personas que empiezan a jugar a una edad m\u00e1s temprana corren un mayor <a href=\"https:\/\/rganm.org\/signs-of-problem-gambling\/\">riesgo de desarrollar adicciones al juego<\/a>.   <\/p>\n<p>Las consecuencias legales en Nuevo M\u00e9xico por juego de menores de edad pueden incluir cargos por delitos menores y multas. Otras consecuencias no son tan tangibles, pero pueden incluir un menor \u00e9xito acad\u00e9mico, falta de inter\u00e9s en actividades sociales y extracurriculares, ansiedad y depresi\u00f3n, y deudas crecientes. La actividad de juego tambi\u00e9n puede estar asociada con otras actividades de alto riesgo entre los j\u00f3venes, como el consumo de drogas y alcohol.  <\/p>\n<p>Animamos a los padres o tutores a hablar con los adolescentes e incluso con <a href=\"https:\/\/rganm.org\/children-and-gambling\/\"><u>ni\u00f1os m\u00e1s peque\u00f1os<\/u><\/a>. Estas son las cosas en las que hay que centrarse con los adolescentes: <\/p>\n<ul>\n<li>Al igual que habla con sus hijos sobre c\u00f3mo evitar las drogas y el alcohol, hable con ellos sobre el juego como una actividad potencialmente arriesgada para los j\u00f3venes. H\u00e1gales saber que el juego no se limita solo a los casinos; puede incluir la compra de billetes de loter\u00eda, las apuestas en eventos deportivos o los juegos de casino en l\u00ednea. <\/li>\n<li>Haga hincapi\u00e9 en que el juego no es una forma de ganar dinero; es una forma de entretenimiento y, al igual que otras opciones, debe formar parte de un presupuesto que no se exceda.<\/li>\n<li>Si bien los adolescentes pueden pasar horas jugando a videojuegos populares, saben que seguir\u00e1n teniendo un lugar donde vivir y comida para comer. Ay\u00fadeles a comprender que, si una persona se vuelve adicta al juego, las consecuencias a largo plazo incluyen problemas financieros, como no poder pagar las facturas, y otros problemas, como relaciones da\u00f1adas con familiares y amigos, e incluso posibles problemas legales o laborales. <\/li>\n<li>Supervise la actividad en l\u00ednea, las aplicaciones y los juegos. Supervise los sitios que visita su hijo adolescente. Algunos utilizan dinero ficticio para apostar, lo que puede ense\u00f1ar a los ni\u00f1os el \u00absubid\u00f3n\u00bb de ganar dinero. Tenga cuidado con los casinos en l\u00ednea, que tienen sistemas de verificaci\u00f3n bastante laxos. Con los j\u00f3venes mayores que pueden tener acceso a una tarjeta de d\u00e9bito o cr\u00e9dito, revise los extractos bancarios y hable con su hijo adolescente si alguno le parece sospechoso.    <\/li>\n<li>Hoy en d\u00eda, las apuestas en deportes, ya sea un partido televisado o un evento local, son cada vez m\u00e1s frecuentes. Ya sea una aplicaci\u00f3n en l\u00ednea o un grupo de apuestas, los padres de adolescentes y ni\u00f1os m\u00e1s peque\u00f1os no deben permitir el juego de menores de edad. Esperamos que los padres animen a los j\u00f3venes a participar en deportes y fomenten el trabajo en equipo y la colaboraci\u00f3n, sin apostar por el resultado, con el fin de proteger a los jugadores.  <\/li>\n<\/ul>\n<p>Los j\u00f3venes adultos que han entrado recientemente en la edad adulta y ahora pueden jugar legalmente deben recordar que el juego es solo para entretenimiento. Saber c\u00f3mo establecer l\u00edmites y cu\u00e1ndo parar son marcadores importantes. Los j\u00f3venes adultos deben ser conscientes de estos signos tempranos que pueden indicar que el juego se est\u00e1 convirtiendo en un problema, incluyendo:  <\/p>\n<ul>\n<li>Sentir que necesita \u00abperseguir\u00bb una p\u00e9rdida continuando jugando, o aumentar una apuesta;<\/li>\n<li>Faltar a clases o al trabajo para jugar;<\/li>\n<li>Cambios de humor, depresi\u00f3n o ansiedad;<\/li>\n<li>Jugar para escapar de sus problemas;<\/li>\n<li>Mentir sobre el juego;<\/li>\n<li>Pedir prestado o robar dinero para financiar el juego.<\/li>\n<\/ul>\n<p>Si tiene alguna preocupaci\u00f3n sobre su hijo y el juego, los siguientes sitios pueden ser \u00fatiles. La Asociaci\u00f3n de Juego Responsable de Nuevo M\u00e9xico trabaja para educar sobre la necesidad de mantener el juego como entretenimiento, y para proporcionar prevenci\u00f3n y tratamiento. Si le preocupa el juego en su vida o en la de su familia, consulte nuestros recursos en la p\u00e1gina <a href=\"https:\/\/rganm.org\/help-for-problem-gambling\/\">Obtener ayuda<\/a>.  <\/p>\n<p><strong>Enlaces \u00fatiles:<\/strong><\/p>\n<p>&nbsp;<\/p>\n<p><a href=\"https:\/\/raisingchildren.net.au\/pre-teens\/behaviour\/behaviour-questions-issues\/gambling\">Prevenci\u00f3n del juego en adolescentes<\/a><\/p>\n<p>&nbsp;<\/p>\n<p><a href=\"https:\/\/www.aacap.org\/AACAP\/Families_and_Youth\/Facts_for_Families\/FFF-Guide\/Children-And-Watching-TV-054.aspx#:~:text=For%20children%202%2D5%2C%20limit\">Pautas sobre el tiempo de pantalla para padres <\/a><\/p>\n<p>&nbsp;<\/p>\n<p><a href=\"https:\/\/www.compassmark.org\/does-frequent-video-game-play-prime-teens-brains-for-gambling-addiction-research\/\">Videojuegos y juego<\/a><\/p>\n<p>&nbsp;<\/p>\n<\/div>\n<div> <\/div>\n<p>[\/et_pb_text][et_pb_text _builder_version=\u00bb4.16&#8243; global_colors_info=\u00bb{}\u00bb]<\/p>\n<h4> \u201cMi conciencia sobre el juego comenz\u00f3 cuando era ni\u00f1o. En la tradici\u00f3n Navajo, hay juegos tradicionales que involucran alg\u00fan tipo de apuesta. Nadie lo identific\u00f3 como juego. Era solo un juego&#8230; pero as\u00ed fue como me enganch\u00e9 a ganar, y al juego\u201d. ~JJ Otero<\/h4>\n<p>[\/et_pb_text][\/et_pb_column][et_pb_column type=\u00bb2_5&#8243; _builder_version=\u00bb4.16&#8243; custom_padding=\u00bb|||\u00bb global_colors_info=\u00bb{}\u00bb custom_padding__hover=\u00bb|||\u00bb][et_pb_video src=\u00bbhttps:\/\/www.youtube.com\/watch?v=1haADvqvou8&#8243; admin_label=\u00bbVideo: Documentary\u00bb _builder_version=\u00bb4.19.5&#8243; _module_preset=\u00bbdefault\u00bb global_colors_info=\u00bb{}\u00bb][\/et_pb_video][et_pb_text admin_label=\u00bbText: Watch our 30-minute documentary&#8230;\u00bb _builder_version=\u00bb4.19.5&#8243; _module_preset=\u00bbdefault\u00bb text_orientation=\u00bbcenter\u00bb global_colors_info=\u00bb{}\u00bb]<\/p>\n<p><strong>Vea nuestro documental de 30 minutos sobre RGANM y los recursos de juego compulsivo que est\u00e1n disponibles. <\/strong><\/p>\n<p>[\/et_pb_text][et_pb_image src=\u00bbhttps:\/\/rganm.org\/wp-content\/uploads\/2019\/02\/sidebartop.png\u00bb show_bottom_space=\u00bboff\u00bb align=\u00bbcenter\u00bb align_tablet=\u00bbcenter\u00bb align_phone=\u00bb\u00bb align_last_edited=\u00bbon|desktop\u00bb admin_label=\u00bbImage: Sidebar Top\u00bb _builder_version=\u00bb4.16&#8243; max_width=\u00bb85%\u00bb module_alignment=\u00bbcenter\u00bb custom_css_main_element=\u00bbposition: relative;||\u00bb global_colors_info=\u00bb{}\u00bb][\/et_pb_image][et_pb_text admin_label=\u00bbText: Gambling Help Line\u00bb _builder_version=\u00bb4.16&#8243; text_orientation=\u00bbcenter\u00bb background_layout=\u00bbdark\u00bb custom_css_main_element=\u00bbposition: relative;||top: -30px;\u00bb global_colors_info=\u00bb{}\u00bb]<\/p>\n<p><strong>L\u00ednea de ayuda sobre el juego<\/strong><\/p>\n<p>[\/et_pb_text][et_pb_text admin_label=\u00bbText: TTC Phone\u00bb _builder_version=\u00bb4.16&#8243; header_3_font=\u00bbOpen Sans|700|||||||\u00bb header_3_text_align=\u00bbcenter\u00bb header_3_text_color=\u00bb#ffffff\u00bb header_3_font_size=\u00bb30px\u00bb background_color=\u00bb#4fb4f4&#8243; text_orientation=\u00bbcenter\u00bb background_layout=\u00bbdark\u00bb custom_margin=\u00bb-58px|||\u00bb custom_padding=\u00bb10px||10px|\u00bb header_3_text_shadow_style=\u00bbpreset3&#8243; border_radii=\u00bbon|10px|10px|10px|10px\u00bb box_shadow_style=\u00bbpreset3&#8243; global_colors_info=\u00bb{}\u00bb]<\/p>\n<h3><span style=\"text-decoration: underline;\"><strong><a href=\"tel:+18886962440\" target=\"_blank\" rel=\"noopener noreferrer\">(888) 696-2440<\/a><\/strong><\/span><\/h3>\n<p><strong>Disponible 24\/7<\/strong><\/p>\n<p>[\/et_pb_text][et_pb_image src=\u00bbhttps:\/\/rganm.org\/wp-content\/uploads\/2019\/02\/sidebartop.png\u00bb show_bottom_space=\u00bboff\u00bb align=\u00bbcenter\u00bb align_tablet=\u00bbcenter\u00bb align_phone=\u00bb\u00bb align_last_edited=\u00bbon|desktop\u00bb admin_label=\u00bbImage: Sidebar Top\u00bb _builder_version=\u00bb4.16&#8243; max_width=\u00bb85%\u00bb module_alignment=\u00bbcenter\u00bb custom_margin=\u00bb60px|||\u00bb custom_css_main_element=\u00bbposition: relative;\u00bb global_colors_info=\u00bb{}\u00bb][\/et_pb_image][et_pb_text admin_label=\u00bbText: There Is Hope\u00bb _builder_version=\u00bb4.16&#8243; text_orientation=\u00bbcenter\u00bb background_layout=\u00bbdark\u00bb custom_css_main_element=\u00bbposition: relative;||top: -30px;\u00bb global_colors_info=\u00bb{}\u00bb]<\/p>\n<p><strong>Hay esperanza<\/strong><\/p>\n<p>[\/et_pb_text][et_pb_text admin_label=\u00bbText: JJ Otero Quote\u00bb _builder_version=\u00bb4.16&#8243; header_3_font=\u00bbOpen Sans|700|||||||\u00bb header_3_text_align=\u00bbcenter\u00bb header_3_text_color=\u00bb#ffffff\u00bb header_3_font_size=\u00bb30px\u00bb background_color=\u00bb#4fb4f4&#8243; background_layout=\u00bbdark\u00bb custom_margin=\u00bb-58px|||\u00bb custom_padding=\u00bb20px|20px|20px|20px\u00bb header_3_text_shadow_style=\u00bbpreset3&#8243; border_radii=\u00bbon|10px|10px|10px|10px\u00bb box_shadow_style=\u00bbpreset3&#8243; global_colors_info=\u00bb{}\u00bb]<\/p>\n<p><strong>\u00abSi est\u00e1 lidiando con problemas de adicci\u00f3n, si est\u00e1 lidiando con problemas de juego, quiero que sepa que hay esperanza. En primer lugar, hay personas, programas y recursos que le permitir\u00e1n compartir con lo que est\u00e1 lidiando; por lo que est\u00e1 pasando. Hay tantos recursos. Pru\u00e9belos todos y encuentre algo que funcione.\u00bb<\/strong><\/p>\n<p style=\"float: right;\"><em>~ JJ Otero<\/em><\/p>\n<p>[\/et_pb_text][et_pb_image src=\u00bbhttps:\/\/rganm.org\/wp-content\/uploads\/2019\/02\/sidebartop.png\u00bb show_bottom_space=\u00bboff\u00bb align=\u00bbcenter\u00bb align_tablet=\u00bbcenter\u00bb align_phone=\u00bb\u00bb align_last_edited=\u00bbon|desktop\u00bb admin_label=\u00bbImage: Sidebar Top\u00bb _builder_version=\u00bb4.16&#8243; max_width=\u00bb85%\u00bb module_alignment=\u00bbcenter\u00bb custom_margin=\u00bb60px|||\u00bb custom_css_main_element=\u00bbposition: relative;\u00bb global_colors_info=\u00bb{}\u00bb][\/et_pb_image][et_pb_text admin_label=\u00bbText: Warning Signs Of A Problem\u00bb _builder_version=\u00bb4.16&#8243; text_orientation=\u00bbcenter\u00bb background_layout=\u00bbdark\u00bb z_index_tablet=\u00bb500&#8243; custom_css_main_element=\u00bbposition: relative;||top: -30px;\u00bb global_colors_info=\u00bb{}\u00bb]<\/p>\n<p><strong>Se\u00f1ales de advertencia de un problema<\/strong><\/p>\n<p>[\/et_pb_text][et_pb_text admin_label=\u00bbText: 10 Questions\u00bb module_class=\u00bbregproc\u00bb _builder_version=\u00bb4.16&#8243; header_3_font=\u00bbOpen Sans|700|||||||\u00bb header_3_text_align=\u00bbcenter\u00bb header_3_text_color=\u00bb#ffffff\u00bb header_3_font_size=\u00bb30px\u00bb background_color=\u00bb#4fb4f4&#8243; background_layout=\u00bbdark\u00bb custom_margin=\u00bb-58px|||\u00bb custom_padding=\u00bb20px|20px|20px|20px\u00bb z_index_tablet=\u00bb500&#8243; header_3_text_shadow_style=\u00bbpreset3&#8243; border_radii=\u00bbon|10px|10px|10px|10px\u00bb box_shadow_style=\u00bbpreset3&#8243; global_colors_info=\u00bb{}\u00bb]<\/p>\n<p><strong>Utilice estas 10 preguntas para preguntarse si podr\u00eda tener un problema con el juego:<\/strong><\/p>\n<p>&nbsp;<\/p>\n<ol>\n<li style=\"list-style-type: none;\">\n<ol>\n<li><strong>\u00bfPierde tiempo del trabajo o de la familia debido al juego?<\/strong><\/li>\n<li><strong>\u00bfJuega m\u00e1s tiempo del que hab\u00eda planeado?<\/strong><\/li>\n<li><strong>\u00bfJuega para escapar de la preocupaci\u00f3n o los problemas?<\/strong><\/li>\n<li><strong>\u00bfTiene la necesidad de celebrar la buena fortuna con unas horas de juego?<\/strong><\/li>\n<li><strong>\u00bfPide dinero prestado para jugar o pagar deudas de juego?<\/strong><\/li>\n<li><strong>\u00bfDescuidar el bienestar de s\u00ed mismo o de su familia debido al juego?<\/strong><\/li>\n<li><strong>\u00bfJuega para conseguir dinero para resolver dificultades financieras?<\/strong><\/li>\n<li><strong>\u00bfHace promesas a s\u00ed mismo o a otros de dejar de jugar, solo para volver a jugar de nuevo?<\/strong><\/li>\n<li><strong>\u00bfVende o empe\u00f1a posesiones personales para conseguir dinero para jugar?<\/strong><\/li>\n<li><strong>\u00bfJuega con dinero que deber\u00eda utilizarse para las facturas del hogar (pago del coche, hipoteca, servicios p\u00fablicos)?<\/strong><\/li>\n<\/ol>\n<\/li>\n<\/ol>\n<p>[\/et_pb_text][\/et_pb_column][\/et_pb_row][\/et_pb_section][et_pb_section fb_built=\u00bb1&#8243; fullwidth=\u00bbon\u00bb _builder_version=\u00bb4.27.3&#8243; background_color=\u00bb#f9e1b1&#8243; width=\u00bb100%\u00bb module_alignment=\u00bbcenter\u00bb custom_padding=\u00bb0px||0px|\u00bb global_module=\u00bb287&#8243; global_colors_info=\u00bb{}\u00bb][et_pb_fullwidth_code admin_label=\u00bbBloom\u00bb _builder_version=\u00bb4.19.5&#8243; background_color=\u00bb#56130B\u00bb text_orientation=\u00bbcenter\u00bb module_alignment=\u00bbcenter\u00bb custom_margin=\u00bb||-60px||false|false\u00bb custom_margin_tablet=\u00bb||0px||false|false\u00bb custom_margin_phone=\u00bb\u00bb custom_margin_last_edited=\u00bbon|desktop\u00bb custom_padding=\u00bb0px||0px|80px|false|false\u00bb custom_css_main_element=\u00bbtop: -30px;\u00bb global_colors_info=\u00bb{}\u00bb]<div data-form-id=\"2955\" id=\"ctct-form-wrapper-0\" class=\"ctct-form-wrapper et_pb_contact\"><span class=\"ctct-form-description\" ><h2 style=\"text-align: center;color: #f9e1b1;padding-top: 25px\"><strong>Treatment Providers: Join our E-mail List to Receive Updates<\/strong><\/h2>\n<p style=\"text-align: center;color: #fff;margin-bottom: 25px\">Counselors, join our mailing list to receive the latest news from our Problem Gambling Conferences<\/p>\n<\/span><form class=\"ctct-form ctct-form-2955 comment-form  no-recaptcha ctct-default subs\" id=\"ctct-form-329731860\" data-doajax=\"off\" style=\"\" action=\"\" method=\"post\"><p class=\"ctct-form-field ctct-form-field-text ctct-form-field-required\"><span class=\"ctct-label-hidden\"><label for=\"first_name___521ad57ef9bb28ff81c398e42f1c1f45_0_251211392\">First Name <span class=\"ctct-required-indicatior\" title=\"This is a required field\">*<\/span><\/label><\/span><input required aria-required=\"true\"  type=\"text\" id=\"first_name___521ad57ef9bb28ff81c398e42f1c1f45_0_251211392\" name=\"first_name___521ad57ef9bb28ff81c398e42f1c1f45\"  value=\"\" class=\"ctct-text ctct-label-hidden subs first_name___521ad57ef9bb28ff81c398e42f1c1f45\" maxlength=\"255\" placeholder=\"First Name\"  \/><\/p><p class=\"ctct-form-field ctct-form-field-email ctct-form-field-required\"><span class=\"ctct-label-hidden\"><label for=\"email___c534294fa74575f3aaa39ae2d66458a9_0_1895910221\">Email <span class=\"ctct-required-indicatior\" title=\"This is a required field\">*<\/span><\/label><\/span><input required aria-required=\"true\"  type=\"email\" id=\"email___c534294fa74575f3aaa39ae2d66458a9_0_1895910221\" name=\"email___c534294fa74575f3aaa39ae2d66458a9\"  value=\"\" class=\"ctct-email ctct-label-hidden subs email___c534294fa74575f3aaa39ae2d66458a9\"  placeholder=\"Email Address\"  \/><\/p><div class='ctct-list-selector' style='display:none;'><div class=\"ctct-form-field ctct-form-field-checkbox ctct-form-field-required\"><fieldset><legend class=\"ctct-label-top\">Select list(s) to subscribe to<\/legend><input type=\"checkbox\" name=\"lists___aa3b51621fd3fd524a7a48cda06b2917[]\" id=\"lists___aa3b51621fd3fd524a7a48cda06b2917_0_0\" value=\"720c3ff6-5dff-11ec-a74d-fa163e78853a\" class=\"ctct-checkbox ctct-label-right\" checked \/><span class=\"ctct-label-right\"><label for=\"lists___aa3b51621fd3fd524a7a48cda06b2917_0_0\">Treatment Provider Signups<\/label><\/span><\/fieldset><\/div><\/div><div class=\"ctct-optin-hide\" style=\"display:none;\"><p class=\"ctct-form-field ctct-form-field-checkbox\"><span class=\"ctct-input-container\"><input type=\"checkbox\" checked name=\"ctct-opt-in\" class=\"ctct-checkbox ctct-opt-in\" value=\"1\" id=\"ctct-opt-in_0\" \/><label for=\"ctct-opt-in_0\"> Example: Yes, I would like to receive emails from Responsible Gaming Association of New Mexico. (You can unsubscribe anytime)<\/label><\/span><\/p><\/div><!--.ctct-optin-hide --><p class=\"ctct-form-field ctct-form-field-submit\"><input aria-required=\"false\"  type=\"submit\" id=\"ctct-submitted_0_1475487111\" name=\"ctct-submitted\" style=\"color: #ffffff; background-color: #946578;\" value=\"SUBSCRIBE!\" class=\"ctct-submit ctct-label-top subs ctct-submitted\"    \/><\/p><div class=\"ctct_usage\" style=\"border: 0 none; clip: rect( 0, 0, 0, 0 ); height: 1px; margin: -1px; overflow: hidden; padding: 0; position: absolute; width: 1px;\"><label for=\"ctct_usage_field\">Constant Contact Use. Please leave this field blank.<\/label><input type=\"text\" value=\"\" id=\"ctct_usage_field\" name=\"ctct_usage_field\" class=\"ctct_usage_field\" tabindex=\"-1\" \/><\/div><input type=\"hidden\" name=\"ctct-id\" value=\"2955\" \/><input type=\"hidden\" name=\"ctct-verify\" value=\"471B0FJfD2WENcxADKv5bM78P\" \/><input type=\"hidden\" name=\"ctct-instance\" value=\"0\" \/><input type=\"hidden\" name=\"ctct_time\" value=\"1777275586\" \/><\/form><div class=\"ctct-disclosure\"><hr><small>By submitting this form, you are consenting to receive marketing emails from: Responsible Gaming Association of New Mexico, Mailing address: PO Box 65247, Albuquerque, NM, 87193. You can revoke your consent to receive emails at any time by using the SafeUnsubscribe&reg; link, found at the bottom of every email. <a href=\"https:\/\/www.constantcontact.com\/legal\/about-constant-contact\" target=\"_blank\" rel=\"noopener noreferrer\" aria-label=\"About Constant Contact, opens a new window\">Emails are serviced by Constant Contact<\/a><\/small><\/div><script type=\"text\/javascript\">var ajaxurl = \"https:\/\/rganm.org\/wp-admin\/admin-ajax.php\";<\/script><\/div>[\/et_pb_fullwidth_code][et_pb_fullwidth_header _builder_version=\u00bb4.19.5&#8243; background_color=\u00bb#56130b\u00bb custom_margin=\u00bb||-1px|||\u00bb custom_padding=\u00bb10px||10px|\u00bb global_colors_info=\u00bb{}\u00bb][\/et_pb_fullwidth_header][et_pb_fullwidth_image src=\u00bbhttps:\/\/rganm.org\/wp-content\/uploads\/2025\/08\/rganm-footer-logos.jpg\u00bb title_text=\u00bbrganm-footer-logos\u00bb _builder_version=\u00bb4.27.4&#8243; _module_preset=\u00bbdefault\u00bb width=\u00bb62%\u00bb width_tablet=\u00bb100%\u00bb width_phone=\u00bb100%\u00bb width_last_edited=\u00bbon|phone\u00bb module_alignment=\u00bbcenter\u00bb custom_padding=\u00bb15px||||false|false\u00bb global_colors_info=\u00bb{}\u00bb][\/et_pb_fullwidth_image][et_pb_fullwidth_image src=\u00bbhttps:\/\/rganm.org\/wp-content\/uploads\/2019\/08\/HeaderRange3_5b8e6b8c2cde3e87c5f6005640ac6ab7.png\u00bb admin_label=\u00bbFullwidth Image: Header Mountain Range\u00bb _builder_version=\u00bb4.19.5&#8243; custom_padding=\u00bb0px||0px|\u00bb z_index_tablet=\u00bb500&#8243; box_shadow_horizontal_tablet=\u00bb0px\u00bb box_shadow_vertical_tablet=\u00bb0px\u00bb box_shadow_blur_tablet=\u00bb40px\u00bb box_shadow_spread_tablet=\u00bb0px\u00bb global_colors_info=\u00bb{}\u00bb][\/et_pb_fullwidth_image][et_pb_fullwidth_image src=\u00bbhttps:\/\/rganm.org\/wp-content\/uploads\/2019\/02\/HeaderPattern3-01.png\u00bb admin_label=\u00bbFullwidth Image: Header Pattern\u00bb _builder_version=\u00bb4.19.5&#8243; custom_padding=\u00bb0px||0px|\u00bb global_colors_info=\u00bb{}\u00bb][\/et_pb_fullwidth_image][\/et_pb_section]<\/p>\n","protected":false},"excerpt":{"rendered":"<p>Prevenci\u00f3n del juego en adolescentes Muchos de los casinos miembros de RGANM ofrecen opciones de entretenimiento y restaurantes a las que los j\u00f3venes pueden asistir con sus padres o tutores. En todos los casinos de Nuevo M\u00e9xico, los menores tienen prohibido jugar, pero algunos todav\u00eda intentan hacerlo. Los j\u00f3venes de hoy han crecido con muchos [&hellip;]<\/p>\n","protected":false},"author":3,"featured_media":0,"parent":0,"menu_order":0,"comment_status":"closed","ping_status":"closed","template":"","meta":{"_et_pb_use_builder":"on","_et_pb_old_content":"","_et_gb_content_width":"","footnotes":""},"class_list":["post-3868","page","type-page","status-publish","hentry"],"aioseo_notices":[],"_links":{"self":[{"href":"https:\/\/rganm.org\/es\/wp-json\/wp\/v2\/pages\/3868","targetHints":{"allow":["GET"]}}],"collection":[{"href":"https:\/\/rganm.org\/es\/wp-json\/wp\/v2\/pages"}],"about":[{"href":"https:\/\/rganm.org\/es\/wp-json\/wp\/v2\/types\/page"}],"author":[{"embeddable":true,"href":"https:\/\/rganm.org\/es\/wp-json\/wp\/v2\/users\/3"}],"replies":[{"embeddable":true,"href":"https:\/\/rganm.org\/es\/wp-json\/wp\/v2\/comments?post=3868"}],"version-history":[{"count":0,"href":"https:\/\/rganm.org\/es\/wp-json\/wp\/v2\/pages\/3868\/revisions"}],"wp:attachment":[{"href":"https:\/\/rganm.org\/es\/wp-json\/wp\/v2\/media?parent=3868"}],"curies":[{"name":"wp","href":"https:\/\/api.w.org\/{rel}","templated":true}]}}