{"id":3867,"date":"2019-02-11T16:03:48","date_gmt":"2019-02-11T23:03:48","guid":{"rendered":"https:\/\/rganm.org\/condiciones-de-uso\/"},"modified":"2026-01-27T07:45:45","modified_gmt":"2026-01-27T14:45:45","slug":"condiciones-de-uso","status":"publish","type":"page","link":"https:\/\/rganm.org\/es\/condiciones-de-uso\/","title":{"rendered":"Condiciones de uso"},"content":{"rendered":"<p>[et_pb_section fb_built=\u00bb1&#8243; inner_shadow=\u00bbon\u00bb fullwidth=\u00bbon\u00bb _builder_version=\u00bb3.19.14&#8243; background_color=\u00bb#4fb4f4&#8243; global_module=\u00bb286&#8243;][et_pb_fullwidth_image src=\u00bbhttps:\/\/rganm.org\/wp-content\/uploads\/2019\/08\/RGANMPot1_e9b7f1b268fc084721ca96787926dac4.png\u00bb admin_label=\u00bbFullwidth Image: Logo\u00bb module_class=\u00bbrganmpot\u00bb _builder_version=\u00bb3.26.7&#8243; custom_margin=\u00bb-200px|||\u00bb z_index_tablet=\u00bb500&#8243; box_shadow_horizontal_tablet=\u00bb0px\u00bb box_shadow_vertical_tablet=\u00bb0px\u00bb box_shadow_blur_tablet=\u00bb40px\u00bb box_shadow_spread_tablet=\u00bb0px\u00bb][\/et_pb_fullwidth_image][et_pb_fullwidth_image src=\u00bbhttps:\/\/rganm.org\/wp-content\/uploads\/2019\/02\/HeaderRange2.png\u00bb admin_label=\u00bbFullwidth Image: Header Mountain Range\u00bb _builder_version=\u00bb3.21&#8243; max_width_tablet=\u00bb\u00bb max_width_phone=\u00bb\u00bb max_width_last_edited=\u00bbon|phone\u00bb][\/et_pb_fullwidth_image][et_pb_fullwidth_menu menu_id=\u00bb16&#8243; submenu_direction=\u00bbdownwards\u00bb fullwidth_menu=\u00bbon\u00bb dropdown_menu_line_color=\u00bb#f9e1b1&#8243; admin_label=\u00bbFullwidth English Menu\u00bb _builder_version=\u00bb3.21&#8243; menu_font=\u00bbOpen Sans|700|||||||\u00bb menu_text_color=\u00bb#f9e1b1&#8243; menu_font_size=\u00bb16px\u00bb background_color=\u00bb#56130b\u00bb text_orientation=\u00bbcenter\u00bb background_layout=\u00bbdark\u00bb custom_padding=\u00bb0px||0px|\u00bb][\/et_pb_fullwidth_menu][et_pb_fullwidth_image src=\u00bbhttps:\/\/rganm.org\/wp-content\/uploads\/2019\/02\/HeaderPattern3-01.png\u00bb admin_label=\u00bbFullwidth Image: Header Pattern\u00bb _builder_version=\u00bb3.21&#8243; max_width_tablet=\u00bb\u00bb max_width_phone=\u00bb\u00bb max_width_last_edited=\u00bbon|phone\u00bb][\/et_pb_fullwidth_image][et_pb_fullwidth_header _builder_version=\u00bb3.21&#8243; background_color=\u00bb#56130b\u00bb custom_padding=\u00bb10px||10px|\u00bb][\/et_pb_fullwidth_header][\/et_pb_section][et_pb_section fb_built=\u00bb1&#8243; _builder_version=\u00bb3.22&#8243; background_color=\u00bb#eaeaea\u00bb][et_pb_row _builder_version=\u00bb3.25&#8243; background_size=\u00bbinitial\u00bb background_position=\u00bbtop_left\u00bb background_repeat=\u00bbrepeat\u00bb][et_pb_column type=\u00bb4_4&#8243; _builder_version=\u00bb3.25&#8243; custom_padding=\u00bb|||\u00bb custom_padding__hover=\u00bb|||\u00bb][et_pb_text _builder_version=\u00bb4.4.7&#8243;]<\/p>\n<p><strong>Condiciones de uso<\/strong><\/p>\n<p>Antes de acceder a este sitio web o utilizarlo, lea este acuerdo (\u201cAcuerdo\u201d) que define las Condiciones de uso. Al acceder a nuestro sitio web, acepta quedar vinculado por este Acuerdo, incluidas las renuncias de responsabilidad que se detallan a continuaci\u00f3n. Si no est\u00e1 de acuerdo con los t\u00e9rminos aqu\u00ed establecidos, no utilice este sitio web ni descargue ninguna informaci\u00f3n del mismo. Se puede acceder, descargar e imprimir el material de nuestro sitio web \u00fanicamente para su uso personal y no comercial. Al utilizar este sitio web, acepta que no utilizar\u00e1 ning\u00fan material o informaci\u00f3n para ning\u00fan prop\u00f3sito ilegal o raz\u00f3n prohibida por este Acuerdo. Esto incluir\u00eda, entre otros, el uso de este sitio web desde ubicaciones fuera de los Estados Unidos o si no es un adulto mayor de 18 a\u00f1os.     <\/p>\n<p><strong>Derechos de autor y marcas comerciales<\/strong><\/p>\n<p>El contenido de este sitio web, https:\/\/rganm.org, es propiedad de Responsible Gaming Association of New Mexico y est\u00e1 protegido por derechos de autor. Todos los derechos est\u00e1n reservados y no se permite la reproducci\u00f3n, distribuci\u00f3n o transmisi\u00f3n de nuestros materiales en este sitio web sin el permiso expreso por escrito de Responsible Gaming Association of New Mexico. Todas las marcas comerciales, logotipos y marcas de servicio utilizados en este documento son propiedad de Responsible Gaming Association of New Mexico.  <\/p>\n<p><strong>Consentimiento<\/strong><\/p>\n<p>Al utilizar este sitio web, por la presente entiende y acepta que, de forma autom\u00e1tica y sin ninguna otra acci\u00f3n, ha establecido una relaci\u00f3n comercial entre usted y Responsible Gaming Association of New Mexico. Como resultado, acepta permitir que Responsible Gaming Association of New Mexico se ponga en contacto con usted sobre su negocio por tel\u00e9fono, correo electr\u00f3nico y\/o correo postal est\u00e1ndar utilizando la informaci\u00f3n de contacto que nos ha proporcionado. Adem\u00e1s, entiende que est\u00e1 dando su consentimiento para ese contacto, incluso si ha incluido su n\u00famero de tel\u00e9fono en una lista de No llamar.  <\/p>\n<p><strong>Exclusi\u00f3n de responsabilidad<\/strong><\/p>\n<p>Responsible Gaming Association of New Mexico se esfuerza por garantizar que toda la informaci\u00f3n de este sitio web sea precisa; sin embargo, pueden producirse inexactitudes o errores. Usted reconoce que el uso de este sitio web es por su cuenta y riesgo. <\/p>\n<p>Responsible Gaming Association of New Mexico se reserva el derecho de modificar el contenido de este sitio web en cualquier momento y sin previo aviso. El uso continuado de este sitio constituye su aceptaci\u00f3n de los t\u00e9rminos modificados. Adem\u00e1s, reconoce que el uso de este sitio web y la informaci\u00f3n contenida en el mismo es \u201ctal cual\u201d y que Responsible Gaming Association of New Mexico renuncia a toda garant\u00eda de cualquier tipo, ya sea expresa o impl\u00edcita, en relaci\u00f3n con cualquier elemento relacionado con este sitio web y la informaci\u00f3n contenida en el mismo, incluidas las garant\u00edas impl\u00edcitas de comerciabilidad, idoneidad para un prop\u00f3sito particular, t\u00edtulo y no infracci\u00f3n. Responsible Gaming Association of New Mexico no se hace responsable de ning\u00fan da\u00f1o directo, indirecto, punitivo, incidental o consecuente causado por el uso de este sitio web o el contenido que contiene, ya sea que resulte total o parcialmente del incumplimiento del contrato, conducta tortuosa, negligencia, responsabilidad estricta o cualquier otra causa de acci\u00f3n.   <\/p>\n<p><strong>Integridad del acuerdo<\/strong><\/p>\n<p>Este Acuerdo abarca el acuerdo completo e \u00edntegro entre las partes y no puede ser enmendado, modificado, alterado o cambiado en ning\u00fan aspecto, salvo por un escrito debidamente ejecutado por las partes del presente. Este Acuerdo sustituye a todos y cada uno de los acuerdos o entendimientos orales o escritos anteriores y contempor\u00e1neos entre usted y Responsible Gaming Association of New Mexico. Usted y Responsible Gaming Association of New Mexico no han hecho ninguna representaci\u00f3n, promesa, inducci\u00f3n o declaraci\u00f3n de intenci\u00f3n que no est\u00e9 incorporada en este Acuerdo. Usted y Responsible Gaming Association of New Mexico no estar\u00e1n obligados ni ser\u00e1n responsables de ninguna supuesta representaci\u00f3n, promesa, inducci\u00f3n o declaraci\u00f3n de intenci\u00f3n que no est\u00e9 contenida en este Acuerdo. Una versi\u00f3n impresa de este Acuerdo ser\u00e1 admisible en procedimientos judiciales o administrativos basados en este Acuerdo o relacionados con \u00e9l en la misma medida y con sujeci\u00f3n a las mismas condiciones que otros documentos y registros comerciales generados y mantenidos originalmente en forma impresa. Usted acepta que cada disposici\u00f3n de este Acuerdo se interpretar\u00e1 independientemente de cualquier otra disposici\u00f3n de este Acuerdo. La invalidez o inaplicabilidad de cualquier disposici\u00f3n particular de este Acuerdo no afectar\u00e1 a las dem\u00e1s disposiciones del mismo. En caso de que alguna disposici\u00f3n de este Acuerdo se considere inaplicable, incluidas, entre otras, las renuncias de responsabilidad anteriores, la disposici\u00f3n inaplicable se sustituir\u00e1 por una disposici\u00f3n aplicable que refleje m\u00e1s fielmente la intenci\u00f3n de la disposici\u00f3n original.       <\/p>\n<p><strong>Indemnizaci\u00f3n y recursos legales<\/strong><\/p>\n<p>Usted acepta indemnizar y eximir de responsabilidad a Responsible Gaming Association of New Mexico frente a cualquier p\u00e9rdida, coste, da\u00f1o o gasto, incluidos, entre otros, los honorarios razonables de los abogados incurridos por Responsible Gaming Association of New Mexico que puedan surgir de cualquier acci\u00f3n legal u otro procedimiento necesario para hacer cumplir cualquiera de los t\u00e9rminos, convenios o condiciones del Acuerdo o debido a su incumplimiento de este Acuerdo.<\/p>\n<p><strong>Ley aplicable y jurisdicci\u00f3n<\/strong><\/p>\n<p>Este Acuerdo se regir\u00e1 por las leyes del Estado de Nuevo M\u00e9xico, Condado de Bernalillo. Por la presente, usted acepta la jurisdicci\u00f3n de los tribunales del Estado de Nuevo M\u00e9xico, para cualquier acci\u00f3n en la que se presente una reclamaci\u00f3n con respecto a este Acuerdo y usted acepta que se le notifique el proceso en cualquier acci\u00f3n de este tipo mediante entrega en mano, mensajer\u00eda, servicio de entrega urgente o correo certificado o registrado, con acuse de recibo. Usted renuncia irrevocablemente e incondicionalmente y acepta no alegar, en la medida m\u00e1xima permitida por la ley, cualquier objeci\u00f3n que pueda tener ahora o en el futuro a la presentaci\u00f3n del lugar o a la conveniencia del foro de cualquier acci\u00f3n o reclamaci\u00f3n con respecto a este Acuerdo.  <\/p>\n<p>[\/et_pb_text][\/et_pb_column][\/et_pb_row][\/et_pb_section][et_pb_section fb_built=\u00bb1&#8243; fullwidth=\u00bbon\u00bb _builder_version=\u00bb3.21&#8243; background_color=\u00bb#f9e1b1&#8243; custom_padding=\u00bb0px||0px|\u00bb global_module=\u00bb287&#8243;][et_pb_fullwidth_header _builder_version=\u00bb3.19.14&#8243; background_color=\u00bb#56130b\u00bb custom_padding=\u00bb10px||10px|\u00bb][\/et_pb_fullwidth_header][et_pb_fullwidth_code disabled_on=\u00bbon|off|\u00bb admin_label=\u00bbFullwidth Code: Casino Logos\u00bb module_class=\u00bbcasinologos\u00bb _builder_version=\u00bb3.26.7&#8243; text_orientation=\u00bbcenter\u00bb custom_margin=\u00bb20px|||\u00bb custom_padding=\u00bb0px||0px|\u00bb z_index_tablet=\u00bb500&#8243;]<\/p>\n<div class=\"casinologos\"><!-- [et_pb_line_break_holder] --><img decoding=\"async\" src=\"https:\/\/rganm.org\/wp-content\/uploads\/2019\/02\/SCHC_logo.png\" style=\"float: left; margin-right: 1%; margin-bottom: 0.5em;\" alt=\"Santa Claran Hotel &#038; Casino\"><!-- [et_pb_line_break_holder] --><img decoding=\"async\" src=\"https:\/\/rganm.org\/wp-content\/uploads\/2019\/08\/Responsible-Gaming-281E751-MPM3_7c2a633fc319afac9104e4e3e7554764.png\" style=\"float: left; margin-right: 1%; margin-bottom: 0.5em;\" alt=\"Mescalero\"><!-- [et_pb_line_break_holder] --><img decoding=\"async\" src=\"https:\/\/rganm.org\/wp-content\/uploads\/2019\/08\/acoma_d66c246d9d378e451ac0c8a38bce52b6.png\" style=\"float: left; margin-right: 1%; margin-bottom: 0.5em;\" alt=\"Acoma\"><!-- [et_pb_line_break_holder] --><img decoding=\"async\" src=\"https:\/\/rganm.org\/wp-content\/uploads\/2019\/02\/blackmesa.png\" style=\"float: left; margin-right: 1%; margin-bottom: 0.5em;\" alt=\"Black Mesa\"><!-- [et_pb_line_break_holder] --><img decoding=\"async\" src=\"https:\/\/rganm.org\/wp-content\/uploads\/2019\/02\/wildhorse.png\" style=\"float: left; margin-right: 1%; margin-bottom: 0.5em;\" alt=\"Wild Horse\"><!-- [et_pb_line_break_holder] --><img decoding=\"async\" src=\"https:\/\/rganm.org\/wp-content\/uploads\/2019\/08\/apachenugget_40a100a942921bf14330ecbb712b34fe.png\" style=\"float: left; margin-right: 1%; margin-bottom: 0.5em;\" alt=\"Apache Nugget\"><!-- [et_pb_line_break_holder] --><img decoding=\"async\" src=\"https:\/\/rganm.org\/wp-content\/uploads\/2019\/02\/isleta.png\" style=\"float: left; margin-right: 1%; margin-bottom: 0.5em;\" alt=\"Isleta\"><!-- [et_pb_line_break_holder] --><img decoding=\"async\" src=\"https:\/\/rganm.org\/wp-content\/uploads\/2019\/02\/santaana.png\" style=\"float: left; margin-right: 1%; margin-bottom: 0.5em;\" alt=\"Santa Ana\"><!-- [et_pb_line_break_holder] --><\/div>\n<p>[\/et_pb_fullwidth_code][et_pb_fullwidth_code disabled_on=\u00bbon|off|\u00bb admin_label=\u00bbFullwidth Code: Casino Logos2&#8243; module_class=\u00bbcasinologos\u00bb _builder_version=\u00bb3.26.7&#8243; text_orientation=\u00bbcenter\u00bb custom_padding=\u00bb0px||0px|\u00bb z_index_tablet=\u00bb500&#8243;]<\/p>\n<div class=\"casinologos2\"><!-- [et_pb_line_break_holder] --><img decoding=\"async\" src=\"https:\/\/rganm.org\/wp-content\/uploads\/2019\/08\/TMC_logo_A_color_8223e145f0ff9abfb9851a6b048848be.png\" style=\"float: left; margin-right: 1%; margin-bottom: 0.5em;\"  alt=\"Taos Moutain Casino\"><!-- [et_pb_line_break_holder] --><img decoding=\"async\" src=\"https:\/\/rganm.org\/wp-content\/uploads\/2019\/08\/DEC-New-Logo_8b9aabd85a94a58769a9e7b4c675a14d.png\" style=\"float: left; margin-right: 1%; margin-bottom: 0.5em; height: 90px;\" alt=\"Dancing Eagle\"><!-- [et_pb_line_break_holder] --><img decoding=\"async\" src=\"https:\/\/rganm.org\/wp-content\/uploads\/2019\/08\/Casino-Xpress-Logo_f1b17a00fb2f3b90940794b0f7880994.png\" style=\"float: left; margin-right: 1%; margin-bottom: 0.5em; margin-top:20px;\" alt=\"Casino Express\"><!-- [et_pb_line_break_holder] --><img decoding=\"async\" src=\"https:\/\/rganm.org\/wp-content\/uploads\/2019\/02\/RT66_logo.png\" style=\"float: left; margin-right: 1%; margin-bottom: 0.5em;\" alt=\"Route 66 Casino\"><!-- [et_pb_line_break_holder] --><img decoding=\"async\" src=\"https:\/\/rganm.org\/wp-content\/uploads\/2019\/02\/Ohkay-Casino-logo-purple-small.png\" style=\"float: left; margin-right: 1%; margin-bottom: 0.5em; margin-top:20px;\" alt=\"OhKay Casino\"><!-- [et_pb_line_break_holder] --><img decoding=\"async\" src=\"https:\/\/rganm.org\/wp-content\/uploads\/2019\/08\/BTR_LOGO_VERT_BLACK_NoBuffMPM2_be00949208b0306811104a77c0470c3f.png\" style=\"float: left; margin-right: 1%; margin-bottom: 0.5em; margin-top:20px;\" alt=\"Buffalo Thunder Casino\"><!-- [et_pb_line_break_holder] --><img decoding=\"async\" src=\"https:\/\/rganm.org\/wp-content\/uploads\/2019\/08\/CitiesMPM2_f4e78b2f0061829f09f6bfc2ac71d9c2.png\" style=\"float: left; margin-right: 1%; margin-bottom: 0.5em; margin-top:20px;\" id=\"cog\" alt=\"Cities of Gold Casino\"><!-- [et_pb_line_break_holder] --><img decoding=\"async\" src=\"https:\/\/rganm.org\/wp-content\/uploads\/2019\/08\/JakesCasinoScriptBLACK-GOLDMPM2_1265c85d4e8c7f83cf5cafa039f8ae1b.png\" style=\"float: left; margin-right: 1%; margin-bottom: 0.5em; margin-top:20px;\" alt=\"Jakes Casino\"><!-- [et_pb_line_break_holder] --><\/div>\n<p>[\/et_pb_fullwidth_code][et_pb_fullwidth_image src=\u00bbhttps:\/\/rganm.org\/wp-content\/uploads\/2019\/08\/HeaderRange3_5b8e6b8c2cde3e87c5f6005640ac6ab7.png\u00bb admin_label=\u00bbFullwidth Image: Header Mountain Range\u00bb _builder_version=\u00bb3.26.7&#8243; custom_padding=\u00bb0px||0px|\u00bb z_index_tablet=\u00bb500&#8243; box_shadow_horizontal_tablet=\u00bb0px\u00bb box_shadow_vertical_tablet=\u00bb0px\u00bb box_shadow_blur_tablet=\u00bb40px\u00bb box_shadow_spread_tablet=\u00bb0px\u00bb][\/et_pb_fullwidth_image][et_pb_fullwidth_image src=\u00bbhttps:\/\/rganm.org\/wp-content\/uploads\/2019\/02\/HeaderPattern3-01.png\u00bb admin_label=\u00bbFullwidth Image: Header Pattern\u00bb _builder_version=\u00bb3.26.7&#8243; custom_padding=\u00bb0px||0px|\u00bb][\/et_pb_fullwidth_image][\/et_pb_section]<\/p>\n","protected":false},"excerpt":{"rendered":"<p>Condiciones de uso Antes de acceder a este sitio web o utilizarlo, lea este acuerdo (\u201cAcuerdo\u201d) que define las Condiciones de uso. Al acceder a nuestro sitio web, acepta quedar vinculado por este Acuerdo, incluidas las renuncias de responsabilidad que se detallan a continuaci\u00f3n. Si no est\u00e1 de acuerdo con los t\u00e9rminos aqu\u00ed establecidos, no [&hellip;]<\/p>\n","protected":false},"author":1,"featured_media":0,"parent":0,"menu_order":0,"comment_status":"closed","ping_status":"closed","template":"","meta":{"_et_pb_use_builder":"on","_et_pb_old_content":"","_et_gb_content_width":"","footnotes":""},"class_list":["post-3867","page","type-page","status-publish","hentry"],"aioseo_notices":[],"_links":{"self":[{"href":"https:\/\/rganm.org\/es\/wp-json\/wp\/v2\/pages\/3867","targetHints":{"allow":["GET"]}}],"collection":[{"href":"https:\/\/rganm.org\/es\/wp-json\/wp\/v2\/pages"}],"about":[{"href":"https:\/\/rganm.org\/es\/wp-json\/wp\/v2\/types\/page"}],"author":[{"embeddable":true,"href":"https:\/\/rganm.org\/es\/wp-json\/wp\/v2\/users\/1"}],"replies":[{"embeddable":true,"href":"https:\/\/rganm.org\/es\/wp-json\/wp\/v2\/comments?post=3867"}],"version-history":[{"count":0,"href":"https:\/\/rganm.org\/es\/wp-json\/wp\/v2\/pages\/3867\/revisions"}],"wp:attachment":[{"href":"https:\/\/rganm.org\/es\/wp-json\/wp\/v2\/media?parent=3867"}],"curies":[{"name":"wp","href":"https:\/\/api.w.org\/{rel}","templated":true}]}}