{"id":3864,"date":"2019-02-11T15:38:09","date_gmt":"2019-02-11T22:38:09","guid":{"rendered":"https:\/\/rganm.org\/autoexclusion\/"},"modified":"2026-01-27T07:45:45","modified_gmt":"2026-01-27T14:45:45","slug":"autoexclusion","status":"publish","type":"page","link":"https:\/\/rganm.org\/es\/autoexclusion\/","title":{"rendered":"Autoexclusi\u00f3n"},"content":{"rendered":"<p>[et_pb_section fb_built=\u00bb1&#8243; inner_shadow=\u00bbon\u00bb fullwidth=\u00bbon\u00bb _builder_version=\u00bb3.19.14&#8243; background_color=\u00bb#4fb4f4&#8243; global_module=\u00bb286&#8243; global_colors_info=\u00bb{}\u00bb][et_pb_fullwidth_image src=\u00bbhttps:\/\/rganm.org\/wp-content\/uploads\/2019\/08\/RGANMPot1_e9b7f1b268fc084721ca96787926dac4.png\u00bb admin_label=\u00bbFullwidth Image: Logo\u00bb module_class=\u00bbrganmpot\u00bb _builder_version=\u00bb4.16&#8243; custom_margin=\u00bb-200px|||\u00bb z_index_tablet=\u00bb500&#8243; box_shadow_horizontal_tablet=\u00bb0px\u00bb box_shadow_vertical_tablet=\u00bb0px\u00bb box_shadow_blur_tablet=\u00bb40px\u00bb box_shadow_spread_tablet=\u00bb0px\u00bb global_colors_info=\u00bb{}\u00bb][\/et_pb_fullwidth_image][et_pb_fullwidth_image src=\u00bbhttps:\/\/rganm.org\/wp-content\/uploads\/2019\/02\/HeaderRange2.png\u00bb admin_label=\u00bbFullwidth Image: Header Mountain Range\u00bb _builder_version=\u00bb4.19.5&#8243; max_width_tablet=\u00bb\u00bb max_width_phone=\u00bb\u00bb max_width_last_edited=\u00bbon|phone\u00bb global_colors_info=\u00bb{}\u00bb][\/et_pb_fullwidth_image][et_pb_fullwidth_menu menu_id=\u00bb16&#8243; submenu_direction=\u00bbdownwards\u00bb fullwidth_menu=\u00bbon\u00bb dropdown_menu_line_color=\u00bb#f9e1b1&#8243; admin_label=\u00bbFullwidth English Menu\u00bb _builder_version=\u00bb4.16&#8243; menu_font=\u00bbOpen Sans|700|||||||\u00bb menu_text_color=\u00bb#f9e1b1&#8243; menu_font_size=\u00bb16px\u00bb background_color=\u00bb#56130b\u00bb text_orientation=\u00bbcenter\u00bb background_layout=\u00bbdark\u00bb custom_padding=\u00bb0px||0px|\u00bb global_colors_info=\u00bb{}\u00bb][\/et_pb_fullwidth_menu][et_pb_fullwidth_image src=\u00bbhttps:\/\/rganm.org\/wp-content\/uploads\/2019\/02\/HeaderPattern3-01.png\u00bb admin_label=\u00bbFullwidth Image: Header Pattern\u00bb _builder_version=\u00bb4.19.5&#8243; max_width_tablet=\u00bb\u00bb max_width_phone=\u00bb\u00bb max_width_last_edited=\u00bbon|phone\u00bb global_colors_info=\u00bb{}\u00bb][\/et_pb_fullwidth_image][et_pb_fullwidth_header _builder_version=\u00bb4.19.5&#8243; background_color=\u00bb#56130b\u00bb custom_padding=\u00bb10px||10px|\u00bb global_colors_info=\u00bb{}\u00bb][\/et_pb_fullwidth_header][\/et_pb_section][et_pb_section fb_built=\u00bb1&#8243; _builder_version=\u00bb4.16&#8243; background_color=\u00bb#eaeaea\u00bb global_colors_info=\u00bb{}\u00bb][et_pb_row column_structure=\u00bb3_5,2_5&#8243; _builder_version=\u00bb4.16&#8243; background_size=\u00bbinitial\u00bb background_position=\u00bbtop_left\u00bb background_repeat=\u00bbrepeat\u00bb global_colors_info=\u00bb{}\u00bb][et_pb_column type=\u00bb3_5&#8243; _builder_version=\u00bb4.16&#8243; custom_padding=\u00bb|||\u00bb global_colors_info=\u00bb{}\u00bb custom_padding__hover=\u00bb|||\u00bb][et_pb_text admin_label=\u00bbText: Self-Exclusion\u00bb _builder_version=\u00bb4.27.5&#8243; hover_enabled=\u00bb0&#8243; z_index_tablet=\u00bb500&#8243; global_colors_info=\u00bb{}\u00bb sticky_enabled=\u00bb0&#8243;]<\/p>\n<h2>Autoexclusi\u00f3n<\/h2>\n<div>\n<p>Si bien los casinos miembros de la Asociaci\u00f3n de Juego Responsable de Nuevo M\u00e9xico valoran su negocio, nunca queremos que su experiencia de entretenimiento interfiera con el sustento, la felicidad o la salud de usted o su familia. Si cree que el juego se ha convertido en un problema, podemos ayudarle ofreci\u00e9ndole la oportunidad de autoexcluirse del casino, adem\u00e1s de ofrecerle <a href=\"https:\/\/rganm.org\/get-help\/\">servicios de asesoramiento<\/a> a trav\u00e9s de varias agencias que patrocinamos en todo el estado. <\/p>\n<p>La autoexclusi\u00f3n es un proceso voluntario en el que una persona con un problema de juego se excluye de los lugares de juego o de \u00e1reas espec\u00edficas de los lugares de juego. La oportunidad de autoexcluirse no es una garant\u00eda de que algunos jugadores no regresen al casino, pero puede ser un elemento disuasorio \u00fatil. Una autoexclusi\u00f3n es una herramienta de autoayuda para las personas que tienen un problema con el juego y permite tomarse un descanso y reevaluar los problemas causados por sus patrones de juego.  <\/p>\n<p>Se puede establecer una autoexclusi\u00f3n para un solo casino o hip\u00f3dromo dirigi\u00e9ndose al establecimiento de juego espec\u00edfico y solicitando un formulario de autoexclusi\u00f3n a un miembro de seguridad o de la gerencia. La duraci\u00f3n de la autoexclusi\u00f3n puede variar de una propiedad a otra. Algunos casinos le permitir\u00e1n visitar un restaurante o una sala de conciertos una vez que est\u00e9 en la lista de exclusi\u00f3n voluntaria. Otros le restringen el acceso a toda la propiedad.   <\/p>\n<p>Se puede establecer una autoexclusi\u00f3n a nivel estatal (que incluye todos los hip\u00f3dromos\/casinos e instalaciones de juego tribales en Nuevo M\u00e9xico) poni\u00e9ndose en contacto con la <a href=\"https:\/\/www.gcb.nm.gov\/\" target=\"_blank\" rel=\"noopener noreferrer\">Junta de Control de Juegos de Nuevo M\u00e9xico (NMGCB)<\/a>. Puede comunicarse con ellos llamando al <a href=\"tel:+15058419700\">(505) 841-9700<\/a> o visitando la oficina en 4900 Alameda Blvd NE en Albuquerque. La mayor\u00eda de las propiedades de casinos individuales tambi\u00e9n tienen disponible este formulario de prohibici\u00f3n estatal; pregunte a un miembro de seguridad o de la gerencia si prefiere la restricci\u00f3n m\u00e1s amplia de la autoexclusi\u00f3n estatal.  <\/p>\n<p>Una vez que se establece una autoexclusi\u00f3n, estas son las acciones que experimentar\u00e1\/puede experimentar (dependiendo del casino):<\/p>\n<ul>\n<li>No se le permitir\u00e1 ingresar a un establecimiento de juego (las restricciones var\u00edan seg\u00fan el casino).<\/li>\n<li>Su foto y el contenido de la solicitud de autoexclusi\u00f3n se distribuir\u00e1n de forma confidencial al personal apropiado del casino y del estado.<\/li>\n<li>No ser\u00e1 elegible para cobrar las ganancias del juego, por lo que cualquier ganancia que pueda haber obtenido en ese casino se perder\u00e1. Adem\u00e1s, todo el efectivo o equivalentes de efectivo que se encuentren en una m\u00e1quina de juego o en una mesa de juego se perder\u00e1n; y <\/li>\n<li>Si se le encuentra en una propiedad de la que se ha autoexcluido, ser\u00e1 escoltado fuera de la propiedad por la seguridad del casino y, en algunos casos, ser\u00e1 arrestado por la polic\u00eda y procesado por allanamiento de morada.<\/li>\n<\/ul>\n<p>La decisi\u00f3n de autoexcluirse es voluntaria y llevarla a cabo requiere valor. Le animamos a que traiga a una persona que le apoye cuando se autoexcluya. <\/p>\n<p>La Junta de Control de Juegos de Nuevo M\u00e9xico considerar\u00e1 la posibilidad de eliminar una autoexclusi\u00f3n. Los pasos y formularios para este proceso se pueden encontrar en <a href=\"https:\/\/www.gcb.nm.gov\/\" target=\"_blank\" rel=\"noopener noreferrer\">www.nmgcb.org<\/a>. Cada casino tiene directrices espec\u00edficas sobre la eliminaci\u00f3n de la autoexclusi\u00f3n de esa propiedad. Sin embargo, la eliminaci\u00f3n de una autoexclusi\u00f3n a nivel estatal, si est\u00e1 activa, debe proporcionarse primero a las propiedades individuales.   <\/p>\n<p>Para obtener m\u00e1s informaci\u00f3n sobre la autoexclusi\u00f3n, p\u00f3ngase en contacto con un miembro de la gerencia del casino, la <a href=\"https:\/\/www.gcb.nm.gov\/\">NMGCB<\/a> o la Asociaci\u00f3n de Juego Responsable de Nuevo M\u00e9xico. Puede encontrar informaci\u00f3n sobre los servicios de asesoramiento disponibles a trav\u00e9s de RGANM y otros recursos que pueden ser \u00fatiles para el jugador y su familia en nuestro sitio web o llamando a nuestra l\u00ednea de ayuda de recursos para problemas con el juego al <a href=\"tel:+18886962440\">(888) 696-2440<\/a>. <\/p>\n<\/div>\n<p>[\/et_pb_text][et_pb_video src=\u00bbhttps:\/\/www.youtube.com\/watch?v=ltanFOoi_iM\u00bb _builder_version=\u00bb4.24.3&#8243; _module_preset=\u00bbdefault\u00bb global_colors_info=\u00bb{}\u00bb][\/et_pb_video][\/et_pb_column][et_pb_column type=\u00bb2_5&#8243; _builder_version=\u00bb4.16&#8243; custom_padding=\u00bb|||\u00bb global_colors_info=\u00bb{}\u00bb custom_padding__hover=\u00bb|||\u00bb][et_pb_video src=\u00bbhttps:\/\/www.youtube.com\/watch?v=1haADvqvou8&#8243; admin_label=\u00bbVideo:Documentary\u00bb _builder_version=\u00bb4.19.5&#8243; _module_preset=\u00bbdefault\u00bb global_colors_info=\u00bb{}\u00bb][\/et_pb_video][et_pb_text admin_label=\u00bbText: Watch our 30 min documentary&#8230;\u00bb _builder_version=\u00bb4.19.5&#8243; _module_preset=\u00bbdefault\u00bb text_orientation=\u00bbcenter\u00bb global_colors_info=\u00bb{}\u00bb]<\/p>\n<p><strong>Vea nuestro documental de 30 minutos sobre RGANM y los recursos de juego compulsivo que est\u00e1n disponibles. <\/strong><\/p>\n<p>[\/et_pb_text][et_pb_image src=\u00bbhttps:\/\/rganm.org\/wp-content\/uploads\/2019\/02\/sidebartop.png\u00bb show_bottom_space=\u00bboff\u00bb align=\u00bbcenter\u00bb align_tablet=\u00bbcenter\u00bb align_phone=\u00bb\u00bb align_last_edited=\u00bbon|desktop\u00bb admin_label=\u00bbImage: Sidebar Top\u00bb _builder_version=\u00bb4.16&#8243; max_width=\u00bb85%\u00bb module_alignment=\u00bbcenter\u00bb custom_css_main_element=\u00bbposition: relative;||\u00bb global_colors_info=\u00bb{}\u00bb][\/et_pb_image][et_pb_text admin_label=\u00bbText: Gambling Help Line\u00bb _builder_version=\u00bb4.16&#8243; text_orientation=\u00bbcenter\u00bb background_layout=\u00bbdark\u00bb custom_css_main_element=\u00bbposition: relative;||top: -30px;\u00bb global_colors_info=\u00bb{}\u00bb]<\/p>\n<p><strong>L\u00ednea de ayuda sobre el juego<\/strong><\/p>\n<p>[\/et_pb_text][et_pb_text admin_label=\u00bbText: TTC Phone\u00bb _builder_version=\u00bb4.16&#8243; header_3_font=\u00bbOpen Sans|700|||||||\u00bb header_3_text_align=\u00bbcenter\u00bb header_3_text_color=\u00bb#ffffff\u00bb header_3_font_size=\u00bb30px\u00bb background_color=\u00bb#4fb4f4&#8243; text_orientation=\u00bbcenter\u00bb background_layout=\u00bbdark\u00bb custom_margin=\u00bb-58px|||\u00bb custom_padding=\u00bb10px||10px|\u00bb header_3_text_shadow_style=\u00bbpreset3&#8243; border_radii=\u00bbon|10px|10px|10px|10px\u00bb box_shadow_style=\u00bbpreset3&#8243; global_colors_info=\u00bb{}\u00bb]<\/p>\n<h3><span style=\"text-decoration: underline;\"><strong><a href=\"tel:+18886962440\" target=\"_blank\" rel=\"noopener noreferrer\">(888) 696-2440<\/a><\/strong><\/span><\/h3>\n<p><strong>Disponible 24\/7<\/strong><\/p>\n<p>[\/et_pb_text][et_pb_image src=\u00bbhttps:\/\/rganm.org\/wp-content\/uploads\/2019\/02\/sidebartop.png\u00bb show_bottom_space=\u00bboff\u00bb align=\u00bbcenter\u00bb align_tablet=\u00bbcenter\u00bb align_phone=\u00bb\u00bb align_last_edited=\u00bbon|desktop\u00bb admin_label=\u00bbImage: Sidebar Top\u00bb _builder_version=\u00bb4.16&#8243; max_width=\u00bb85%\u00bb module_alignment=\u00bbcenter\u00bb custom_margin=\u00bb60px|||\u00bb custom_css_main_element=\u00bbposition: relative;\u00bb global_colors_info=\u00bb{}\u00bb][\/et_pb_image][et_pb_text admin_label=\u00bbText: Two Important Questions\u00bb _builder_version=\u00bb4.16&#8243; text_orientation=\u00bbcenter\u00bb background_layout=\u00bbdark\u00bb custom_css_main_element=\u00bbposition: relative;||top: -30px;\u00bb global_colors_info=\u00bb{}\u00bb]<\/p>\n<p><strong>Dos preguntas importantes<\/strong><\/p>\n<p>[\/et_pb_text][et_pb_text admin_label=\u00bbText: Questions\u00bb module_class=\u00bbregproc\u00bb _builder_version=\u00bb4.16&#8243; header_3_font=\u00bbOpen Sans|700|||||||\u00bb header_3_text_align=\u00bbcenter\u00bb header_3_text_color=\u00bb#ffffff\u00bb header_3_font_size=\u00bb30px\u00bb background_color=\u00bb#4fb4f4&#8243; background_layout=\u00bbdark\u00bb custom_margin=\u00bb-58px|||\u00bb custom_padding=\u00bb20px|20px|20px|20px\u00bb z_index_tablet=\u00bb500&#8243; header_3_text_shadow_style=\u00bbpreset3&#8243; border_radii=\u00bbon|10px|10px|10px|10px\u00bb box_shadow_style=\u00bbpreset3&#8243; global_colors_info=\u00bb{}\u00bb]<\/p>\n<ol>\n<li style=\"list-style-type: none;\">\n<ol>\n<li><strong>\u00bfAlguna vez miente sobre el juego?<\/strong><\/li>\n<li><strong>\u00bfAlguna vez ha pedido dinero prestado para financiar su juego?<\/strong><\/li>\n<\/ol>\n<\/li>\n<\/ol>\n<p><strong>Si respondi\u00f3 que s\u00ed a cualquiera de las preguntas, obtenga informaci\u00f3n sobre las <span style=\"text-decoration: underline;\"><span style=\"color: #ffffff;\"><a style=\"color: #ffffff; text-decoration: underline;\" href=\"https:\/\/rganm.org\/signs-of-problem-gambling\/\">se\u00f1ales de problemas con el juego<\/a><\/span><\/span> y nuestros <span style=\"text-decoration: underline;\"><span style=\"color: #ffffff;\"><a style=\"color: #ffffff; text-decoration: underline;\" href=\"https:\/\/rganm.org\/get-help\/\">recursos gratuitos<\/a><\/span><\/span>.<\/strong><\/p>\n<p>[\/et_pb_text][et_pb_image src=\u00bbhttps:\/\/rganm.org\/wp-content\/uploads\/2019\/02\/sidebartop.png\u00bb show_bottom_space=\u00bboff\u00bb align=\u00bbcenter\u00bb align_tablet=\u00bbcenter\u00bb align_phone=\u00bb\u00bb align_last_edited=\u00bbon|desktop\u00bb admin_label=\u00bbImage: Sidebar Top\u00bb _builder_version=\u00bb4.16&#8243; max_width=\u00bb85%\u00bb module_alignment=\u00bbcenter\u00bb custom_margin=\u00bb60px|||\u00bb custom_css_main_element=\u00bbposition: relative;\u00bb global_colors_info=\u00bb{}\u00bb][\/et_pb_image][et_pb_text admin_label=\u00bbText: Responsible Gambling Tips\u00bb _builder_version=\u00bb4.16&#8243; text_orientation=\u00bbcenter\u00bb background_layout=\u00bbdark\u00bb z_index_tablet=\u00bb500&#8243; custom_css_main_element=\u00bbposition: relative;||top: -30px;\u00bb global_colors_info=\u00bb{}\u00bb]<\/p>\n<p><strong>Consejos para el juego responsable<\/strong><\/p>\n<p>[\/et_pb_text][et_pb_text admin_label=\u00bbText: Gambling tips\u00bb module_class=\u00bbregproc\u00bb _builder_version=\u00bb4.16&#8243; header_3_font=\u00bbOpen Sans|700|||||||\u00bb header_3_text_align=\u00bbcenter\u00bb header_3_text_color=\u00bb#ffffff\u00bb header_3_font_size=\u00bb30px\u00bb background_color=\u00bb#4fb4f4&#8243; background_layout=\u00bbdark\u00bb custom_margin=\u00bb-58px|||\u00bb custom_padding=\u00bb20px|20px|20px|20px\u00bb z_index_tablet=\u00bb500&#8243; header_3_text_shadow_style=\u00bbpreset3&#8243; border_radii=\u00bbon|10px|10px|10px|10px\u00bb box_shadow_style=\u00bbpreset3&#8243; global_colors_info=\u00bb{}\u00bb]<strong>Recuerde seguir estos consejos para estar seguro al jugar:<\/strong><\/p>\n<p>&nbsp;<\/p>\n<ol style=\"margin-left: 20px;\">\n<li><strong>El juego es un entretenimiento de pago por el que est\u00e1 pagando, as\u00ed que trate el dinero que pierde como el coste de su entretenimiento<\/strong><\/li>\n<li><strong>No piense en el juego como una forma de ganar dinero<\/strong><\/li>\n<li><strong>Establezca un l\u00edmite de dinero<\/strong><\/li>\n<li><strong>Establezca un l\u00edmite de tiempo y haga descansos regulares<\/strong><\/li>\n<li><strong>Solo traiga el dinero en efectivo que est\u00e9 dispuesto a perder y deje las tarjetas de cr\u00e9dito y de cajero autom\u00e1tico en casa<\/strong><\/li>\n<li><strong>No deje tarjetas de cr\u00e9dito o tarjetas de cajero autom\u00e1tico en el coche<\/strong><\/li>\n<li><strong>Espere perder<\/strong><\/li>\n<li><strong>No juegue cuando est\u00e9 deprimido o disgustado<\/strong><\/li>\n<li><strong>Equilibre el juego con otras actividades<\/strong><\/li>\n<li><strong>Est\u00e1 demostrado que el juego y el alcohol no son una buena combinaci\u00f3n<\/strong><\/li>\n<li><strong>No persiga las p\u00e9rdidas<\/strong><\/li>\n<li><strong>Evite ser demasiado supersticioso<\/strong><\/li>\n<li><strong>Nunca caiga en la falacia del jugador<\/strong><\/li>\n<li><strong>Aprenda las reglas y las probabilidades de los juegos<\/strong><\/li>\n<li><strong>Inf\u00f3rmese sobre el juego problem\u00e1tico<\/strong><\/li>\n<li><strong>No juegue con dinero que no tiene<\/strong><\/li>\n<li><strong>No utilice su tarjeta de cr\u00e9dito para jugar<\/strong><\/li>\n<li><strong>No aumente sus apuestas para compensar el dinero que ha perdido<\/strong><\/li>\n<li><strong>No utilice el juego como una forma de hacer frente al estr\u00e9s, la soledad o la depresi\u00f3n<\/strong><\/li>\n<li><strong>Nunca juegue con dinero importante, como el dinero del alquiler<\/strong><\/li>\n<li><strong>Si est\u00e1 pensando en jugar todo el d\u00eda, busque ayuda<\/strong><\/li>\n<li><strong>Si est\u00e1 mintiendo a otros sobre su juego, busque ayuda<\/strong><\/li>\n<li><strong>Nunca pida dinero prestado a otros solo para jugar<\/strong><\/li>\n<li><strong>No juegue para escapar de sus problemas o para ignorar sus responsabilidades<\/strong><\/li>\n<li><strong>Jugar para pagar una deuda de juego no funciona<\/strong><\/li>\n<li><strong>Es una se\u00f1al de un problema si est\u00e1 dejando su trabajo o sus pasatiempos favoritos para jugar<\/strong><\/li>\n<\/ol>\n<p>[\/et_pb_text][\/et_pb_column][\/et_pb_row][\/et_pb_section][et_pb_section fb_built=\u00bb1&#8243; fullwidth=\u00bbon\u00bb _builder_version=\u00bb4.27.3&#8243; background_color=\u00bb#f9e1b1&#8243; width=\u00bb100%\u00bb module_alignment=\u00bbcenter\u00bb custom_padding=\u00bb0px||0px|\u00bb global_module=\u00bb287&#8243; global_colors_info=\u00bb{}\u00bb][et_pb_fullwidth_code admin_label=\u00bbBloom\u00bb _builder_version=\u00bb4.19.5&#8243; background_color=\u00bb#56130B\u00bb text_orientation=\u00bbcenter\u00bb module_alignment=\u00bbcenter\u00bb custom_margin=\u00bb||-60px||false|false\u00bb custom_margin_tablet=\u00bb||0px||false|false\u00bb custom_margin_phone=\u00bb\u00bb custom_margin_last_edited=\u00bbon|desktop\u00bb custom_padding=\u00bb0px||0px|80px|false|false\u00bb custom_css_main_element=\u00bbtop: -30px;\u00bb global_colors_info=\u00bb{}\u00bb]<div data-form-id=\"2955\" id=\"ctct-form-wrapper-0\" class=\"ctct-form-wrapper et_pb_contact\"><span class=\"ctct-form-description\" ><h2 style=\"text-align: center;color: #f9e1b1;padding-top: 25px\"><strong>Treatment Providers: Join our E-mail List to Receive Updates<\/strong><\/h2>\n<p style=\"text-align: center;color: #fff;margin-bottom: 25px\">Counselors, join our mailing list to receive the latest news from our Problem Gambling Conferences<\/p>\n<\/span><form class=\"ctct-form ctct-form-2955 comment-form  no-recaptcha ctct-default subs\" id=\"ctct-form-1424930198\" data-doajax=\"off\" style=\"\" action=\"\" method=\"post\"><p class=\"ctct-form-field ctct-form-field-text ctct-form-field-required\"><span class=\"ctct-label-hidden\"><label for=\"first_name___521ad57ef9bb28ff81c398e42f1c1f45_0_4025409191\">First Name <span class=\"ctct-required-indicatior\" title=\"This is a required field\">*<\/span><\/label><\/span><input required aria-required=\"true\"  type=\"text\" id=\"first_name___521ad57ef9bb28ff81c398e42f1c1f45_0_4025409191\" name=\"first_name___521ad57ef9bb28ff81c398e42f1c1f45\"  value=\"\" class=\"ctct-text ctct-label-hidden subs first_name___521ad57ef9bb28ff81c398e42f1c1f45\" maxlength=\"255\" placeholder=\"First Name\"  \/><\/p><p class=\"ctct-form-field ctct-form-field-email ctct-form-field-required\"><span class=\"ctct-label-hidden\"><label for=\"email___c534294fa74575f3aaa39ae2d66458a9_0_292502166\">Email <span class=\"ctct-required-indicatior\" title=\"This is a required field\">*<\/span><\/label><\/span><input required aria-required=\"true\"  type=\"email\" id=\"email___c534294fa74575f3aaa39ae2d66458a9_0_292502166\" name=\"email___c534294fa74575f3aaa39ae2d66458a9\"  value=\"\" class=\"ctct-email ctct-label-hidden subs email___c534294fa74575f3aaa39ae2d66458a9\"  placeholder=\"Email Address\"  \/><\/p><div class='ctct-list-selector' style='display:none;'><div class=\"ctct-form-field ctct-form-field-checkbox ctct-form-field-required\"><fieldset><legend class=\"ctct-label-top\">Select list(s) to subscribe to<\/legend><input type=\"checkbox\" name=\"lists___aa3b51621fd3fd524a7a48cda06b2917[]\" id=\"lists___aa3b51621fd3fd524a7a48cda06b2917_0_0\" value=\"720c3ff6-5dff-11ec-a74d-fa163e78853a\" class=\"ctct-checkbox ctct-label-right\" checked \/><span class=\"ctct-label-right\"><label for=\"lists___aa3b51621fd3fd524a7a48cda06b2917_0_0\">Treatment Provider Signups<\/label><\/span><\/fieldset><\/div><\/div><div class=\"ctct-optin-hide\" style=\"display:none;\"><p class=\"ctct-form-field ctct-form-field-checkbox\"><span class=\"ctct-input-container\"><input type=\"checkbox\" checked name=\"ctct-opt-in\" class=\"ctct-checkbox ctct-opt-in\" value=\"1\" id=\"ctct-opt-in_0\" \/><label for=\"ctct-opt-in_0\"> Example: Yes, I would like to receive emails from Responsible Gaming Association of New Mexico. (You can unsubscribe anytime)<\/label><\/span><\/p><\/div><!--.ctct-optin-hide --><p class=\"ctct-form-field ctct-form-field-submit\"><input aria-required=\"false\"  type=\"submit\" id=\"ctct-submitted_0_681884212\" name=\"ctct-submitted\" style=\"color: #ffffff; background-color: #946578;\" value=\"SUBSCRIBE!\" class=\"ctct-submit ctct-label-top subs ctct-submitted\"    \/><\/p><div class=\"ctct_usage\" style=\"border: 0 none; clip: rect( 0, 0, 0, 0 ); height: 1px; margin: -1px; overflow: hidden; padding: 0; position: absolute; width: 1px;\"><label for=\"ctct_usage_field\">Constant Contact Use. Please leave this field blank.<\/label><input type=\"text\" value=\"\" id=\"ctct_usage_field\" name=\"ctct_usage_field\" class=\"ctct_usage_field\" tabindex=\"-1\" \/><\/div><input type=\"hidden\" name=\"ctct-id\" value=\"2955\" \/><input type=\"hidden\" name=\"ctct-verify\" value=\"471B0FJfD2WENcxADKv5bM78P\" \/><input type=\"hidden\" name=\"ctct-instance\" value=\"0\" \/><input type=\"hidden\" name=\"ctct_time\" value=\"1776763961\" \/><\/form><div class=\"ctct-disclosure\"><hr><small>By submitting this form, you are consenting to receive marketing emails from: Responsible Gaming Association of New Mexico, Mailing address: PO Box 65247, Albuquerque, NM, 87193. You can revoke your consent to receive emails at any time by using the SafeUnsubscribe&reg; link, found at the bottom of every email. <a href=\"https:\/\/www.constantcontact.com\/legal\/about-constant-contact\" target=\"_blank\" rel=\"noopener noreferrer\" aria-label=\"About Constant Contact, opens a new window\">Emails are serviced by Constant Contact<\/a><\/small><\/div><script type=\"text\/javascript\">var ajaxurl = \"https:\/\/rganm.org\/wp-admin\/admin-ajax.php\";<\/script><\/div>[\/et_pb_fullwidth_code][et_pb_fullwidth_header _builder_version=\u00bb4.19.5&#8243; background_color=\u00bb#56130b\u00bb custom_margin=\u00bb||-1px|||\u00bb custom_padding=\u00bb10px||10px|\u00bb global_colors_info=\u00bb{}\u00bb][\/et_pb_fullwidth_header][et_pb_fullwidth_image src=\u00bbhttps:\/\/rganm.org\/wp-content\/uploads\/2025\/08\/rganm-footer-logos.jpg\u00bb title_text=\u00bbrganm-footer-logos\u00bb _builder_version=\u00bb4.27.4&#8243; _module_preset=\u00bbdefault\u00bb width=\u00bb62%\u00bb width_tablet=\u00bb100%\u00bb width_phone=\u00bb100%\u00bb width_last_edited=\u00bbon|phone\u00bb module_alignment=\u00bbcenter\u00bb custom_padding=\u00bb15px||||false|false\u00bb global_colors_info=\u00bb{}\u00bb][\/et_pb_fullwidth_image][et_pb_fullwidth_image src=\u00bbhttps:\/\/rganm.org\/wp-content\/uploads\/2019\/08\/HeaderRange3_5b8e6b8c2cde3e87c5f6005640ac6ab7.png\u00bb admin_label=\u00bbFullwidth Image: Header Mountain Range\u00bb _builder_version=\u00bb4.19.5&#8243; custom_padding=\u00bb0px||0px|\u00bb z_index_tablet=\u00bb500&#8243; box_shadow_horizontal_tablet=\u00bb0px\u00bb box_shadow_vertical_tablet=\u00bb0px\u00bb box_shadow_blur_tablet=\u00bb40px\u00bb box_shadow_spread_tablet=\u00bb0px\u00bb global_colors_info=\u00bb{}\u00bb][\/et_pb_fullwidth_image][et_pb_fullwidth_image src=\u00bbhttps:\/\/rganm.org\/wp-content\/uploads\/2019\/02\/HeaderPattern3-01.png\u00bb admin_label=\u00bbFullwidth Image: Header Pattern\u00bb _builder_version=\u00bb4.19.5&#8243; custom_padding=\u00bb0px||0px|\u00bb global_colors_info=\u00bb{}\u00bb][\/et_pb_fullwidth_image][\/et_pb_section]<\/p>\n","protected":false},"excerpt":{"rendered":"<p>Autoexclusi\u00f3n Si bien los casinos miembros de la Asociaci\u00f3n de Juego Responsable de Nuevo M\u00e9xico valoran su negocio, nunca queremos que su experiencia de entretenimiento interfiera con el sustento, la felicidad o la salud de usted o su familia. Si cree que el juego se ha convertido en un problema, podemos ayudarle ofreci\u00e9ndole la oportunidad [&hellip;]<\/p>\n","protected":false},"author":3,"featured_media":0,"parent":0,"menu_order":0,"comment_status":"closed","ping_status":"closed","template":"","meta":{"_et_pb_use_builder":"on","_et_pb_old_content":"","_et_gb_content_width":"","footnotes":""},"class_list":["post-3864","page","type-page","status-publish","hentry"],"aioseo_notices":[],"_links":{"self":[{"href":"https:\/\/rganm.org\/es\/wp-json\/wp\/v2\/pages\/3864","targetHints":{"allow":["GET"]}}],"collection":[{"href":"https:\/\/rganm.org\/es\/wp-json\/wp\/v2\/pages"}],"about":[{"href":"https:\/\/rganm.org\/es\/wp-json\/wp\/v2\/types\/page"}],"author":[{"embeddable":true,"href":"https:\/\/rganm.org\/es\/wp-json\/wp\/v2\/users\/3"}],"replies":[{"embeddable":true,"href":"https:\/\/rganm.org\/es\/wp-json\/wp\/v2\/comments?post=3864"}],"version-history":[{"count":0,"href":"https:\/\/rganm.org\/es\/wp-json\/wp\/v2\/pages\/3864\/revisions"}],"wp:attachment":[{"href":"https:\/\/rganm.org\/es\/wp-json\/wp\/v2\/media?parent=3864"}],"curies":[{"name":"wp","href":"https:\/\/api.w.org\/{rel}","templated":true}]}}