{"id":3854,"date":"2019-02-11T15:40:06","date_gmt":"2019-02-11T22:40:06","guid":{"rendered":"https:\/\/rganm.org\/noticias-y-eventos\/"},"modified":"2026-01-27T07:45:07","modified_gmt":"2026-01-27T14:45:07","slug":"noticias-y-eventos","status":"publish","type":"page","link":"https:\/\/rganm.org\/es\/noticias-y-eventos\/","title":{"rendered":"Noticias y eventos"},"content":{"rendered":"<p>[et_pb_section fb_built=\u00bb1&#8243; inner_shadow=\u00bbon\u00bb fullwidth=\u00bbon\u00bb _builder_version=\u00bb3.19.14&#8243; background_color=\u00bb#4fb4f4&#8243; global_module=\u00bb286&#8243; global_colors_info=\u00bb{}\u00bb][et_pb_fullwidth_image src=\u00bbhttps:\/\/rganm.org\/wp-content\/uploads\/2019\/08\/RGANMPot1_e9b7f1b268fc084721ca96787926dac4.png\u00bb admin_label=\u00bbFullwidth Image: Logo\u00bb module_class=\u00bbrganmpot\u00bb _builder_version=\u00bb4.16&#8243; custom_margin=\u00bb-200px|||\u00bb z_index_tablet=\u00bb500&#8243; box_shadow_horizontal_tablet=\u00bb0px\u00bb box_shadow_vertical_tablet=\u00bb0px\u00bb box_shadow_blur_tablet=\u00bb40px\u00bb box_shadow_spread_tablet=\u00bb0px\u00bb global_colors_info=\u00bb{}\u00bb][\/et_pb_fullwidth_image][et_pb_fullwidth_image src=\u00bbhttps:\/\/rganm.org\/wp-content\/uploads\/2019\/02\/HeaderRange2.png\u00bb admin_label=\u00bbFullwidth Image: Header Mountain Range\u00bb _builder_version=\u00bb4.19.5&#8243; max_width_tablet=\u00bb\u00bb max_width_phone=\u00bb\u00bb max_width_last_edited=\u00bbon|phone\u00bb global_colors_info=\u00bb{}\u00bb][\/et_pb_fullwidth_image][et_pb_fullwidth_menu menu_id=\u00bb16&#8243; submenu_direction=\u00bbdownwards\u00bb fullwidth_menu=\u00bbon\u00bb dropdown_menu_line_color=\u00bb#f9e1b1&#8243; admin_label=\u00bbFullwidth English Menu\u00bb _builder_version=\u00bb4.16&#8243; menu_font=\u00bbOpen Sans|700|||||||\u00bb menu_text_color=\u00bb#f9e1b1&#8243; menu_font_size=\u00bb16px\u00bb background_color=\u00bb#56130b\u00bb text_orientation=\u00bbcenter\u00bb background_layout=\u00bbdark\u00bb custom_padding=\u00bb0px||0px|\u00bb global_colors_info=\u00bb{}\u00bb][\/et_pb_fullwidth_menu][et_pb_fullwidth_image src=\u00bbhttps:\/\/rganm.org\/wp-content\/uploads\/2019\/02\/HeaderPattern3-01.png\u00bb admin_label=\u00bbFullwidth Image: Header Pattern\u00bb _builder_version=\u00bb4.19.5&#8243; max_width_tablet=\u00bb\u00bb max_width_phone=\u00bb\u00bb max_width_last_edited=\u00bbon|phone\u00bb global_colors_info=\u00bb{}\u00bb][\/et_pb_fullwidth_image][et_pb_fullwidth_header _builder_version=\u00bb4.19.5&#8243; background_color=\u00bb#56130b\u00bb custom_padding=\u00bb10px||10px|\u00bb global_colors_info=\u00bb{}\u00bb][\/et_pb_fullwidth_header][\/et_pb_section][et_pb_section fb_built=\u00bb1&#8243; _builder_version=\u00bb4.16&#8243; background_color=\u00bb#eaeaea\u00bb global_colors_info=\u00bb{}\u00bb][et_pb_row column_structure=\u00bb3_5,2_5&#8243; _builder_version=\u00bb4.16&#8243; background_size=\u00bbinitial\u00bb background_position=\u00bbtop_left\u00bb background_repeat=\u00bbrepeat\u00bb global_colors_info=\u00bb{}\u00bb][et_pb_column type=\u00bb3_5&#8243; _builder_version=\u00bb4.16&#8243; custom_padding=\u00bb|||\u00bb global_colors_info=\u00bb{}\u00bb custom_padding__hover=\u00bb|||\u00bb][et_pb_blog fullwidth=\u00bboff\u00bb posts_number=\u00bb5&#8243; include_categories=\u00bb25,26,all,38&#8243; show_thumbnail=\u00bboff\u00bb show_more=\u00bbon\u00bb show_author=\u00bboff\u00bb admin_label=\u00bbBlogs\u00bb module_class=\u00bbblogs\u00bb _builder_version=\u00bb4.16&#8243; global_colors_info=\u00bb{}\u00bb][\/et_pb_blog][\/et_pb_column][et_pb_column type=\u00bb2_5&#8243; _builder_version=\u00bb4.16&#8243; custom_padding=\u00bb|||\u00bb global_colors_info=\u00bb{}\u00bb custom_padding__hover=\u00bb|||\u00bb][et_pb_video src=\u00bbhttps:\/\/www.youtube.com\/watch?v=1haADvqvou8&#8243; admin_label=\u00bbVideo: Documentary\u00bb _builder_version=\u00bb4.19.5&#8243; _module_preset=\u00bbdefault\u00bb global_colors_info=\u00bb{}\u00bb][\/et_pb_video][et_pb_text admin_label=\u00bbText: Watch our 30-minute documentary&#8230;\u00bb _builder_version=\u00bb4.19.5&#8243; _module_preset=\u00bbdefault\u00bb text_orientation=\u00bbcenter\u00bb global_colors_info=\u00bb{}\u00bb]<\/p>\n<p><strong>Vea nuestro documental de 30 minutos sobre RGANM y los recursos de juego compulsivo que est\u00e1n disponibles. <\/strong><\/p>\n<p>[\/et_pb_text][et_pb_image src=\u00bbhttps:\/\/rganm.org\/wp-content\/uploads\/2019\/02\/sidebartop.png\u00bb show_bottom_space=\u00bboff\u00bb align=\u00bbcenter\u00bb align_tablet=\u00bbcenter\u00bb align_phone=\u00bb\u00bb align_last_edited=\u00bbon|desktop\u00bb admin_label=\u00bbImage: Sidebar Top\u00bb _builder_version=\u00bb4.16&#8243; max_width=\u00bb85%\u00bb module_alignment=\u00bbcenter\u00bb custom_css_main_element=\u00bbposition: relative;||\u00bb global_colors_info=\u00bb{}\u00bb][\/et_pb_image][et_pb_text admin_label=\u00bbText: Gambling Help Line\u00bb _builder_version=\u00bb4.16&#8243; text_orientation=\u00bbcenter\u00bb background_layout=\u00bbdark\u00bb custom_css_main_element=\u00bbposition: relative;||top: -30px;\u00bb global_colors_info=\u00bb{}\u00bb]<\/p>\n<p><strong>L\u00ednea de ayuda sobre el juego<\/strong><\/p>\n<p>[\/et_pb_text][et_pb_text admin_label=\u00bbText: TTC Phone\u00bb _builder_version=\u00bb4.16&#8243; header_3_font=\u00bbOpen Sans|700|||||||\u00bb header_3_text_align=\u00bbcenter\u00bb header_3_text_color=\u00bb#ffffff\u00bb header_3_font_size=\u00bb30px\u00bb background_color=\u00bb#4fb4f4&#8243; text_orientation=\u00bbcenter\u00bb background_layout=\u00bbdark\u00bb custom_margin=\u00bb-58px|||\u00bb custom_padding=\u00bb10px||10px|\u00bb header_3_text_shadow_style=\u00bbpreset3&#8243; border_radii=\u00bbon|10px|10px|10px|10px\u00bb box_shadow_style=\u00bbpreset3&#8243; global_colors_info=\u00bb{}\u00bb]<\/p>\n<h3><span style=\"text-decoration: underline;\"><strong><a href=\"tel:+18886962440\" target=\"_blank\" rel=\"noopener noreferrer\">(888) 696-2440<\/a><\/strong><\/span><\/h3>\n<p><strong>Disponible 24\/7<\/strong><\/p>\n<p>[\/et_pb_text][et_pb_image src=\u00bbhttps:\/\/rganm.org\/wp-content\/uploads\/2019\/02\/sidebartop.png\u00bb show_bottom_space=\u00bboff\u00bb align=\u00bbcenter\u00bb align_tablet=\u00bbcenter\u00bb align_phone=\u00bb\u00bb align_last_edited=\u00bbon|desktop\u00bb admin_label=\u00bbImage: Sidebar Top\u00bb _builder_version=\u00bb4.16&#8243; max_width=\u00bb85%\u00bb module_alignment=\u00bbcenter\u00bb custom_margin=\u00bb60px|||\u00bb hover_enabled=\u00bb0&#8243; custom_css_main_element=\u00bbposition: relative;||\u00bb global_colors_info=\u00bb{}\u00bb sticky_enabled=\u00bb0&#8243;][\/et_pb_image][et_pb_text admin_label=\u00bbText: Two Important Questions\u00bb _builder_version=\u00bb4.16&#8243; text_orientation=\u00bbcenter\u00bb background_layout=\u00bbdark\u00bb custom_css_main_element=\u00bbposition: relative;||top: -30px;\u00bb global_colors_info=\u00bb{}\u00bb]<\/p>\n<p><strong>Dos preguntas importantes<\/strong><\/p>\n<p>[\/et_pb_text][et_pb_text admin_label=\u00bbText: Do you ever lie about gambling&#8230;\u00bb module_class=\u00bbregproc\u00bb _builder_version=\u00bb4.16&#8243; text_text_color=\u00bb#ffffff\u00bb header_3_font=\u00bbOpen Sans|700|||||||\u00bb header_3_text_align=\u00bbcenter\u00bb header_3_text_color=\u00bb#ffffff\u00bb header_3_font_size=\u00bb30px\u00bb background_color=\u00bb#4fb4f4&#8243; background_layout=\u00bbdark\u00bb custom_margin=\u00bb-58px|||\u00bb custom_padding=\u00bb20px|10px|20px|10px\u00bb z_index_tablet=\u00bb500&#8243; header_3_text_shadow_style=\u00bbpreset3&#8243; border_radii=\u00bbon|10px|10px|10px|10px\u00bb box_shadow_style=\u00bbpreset3&#8243; global_colors_info=\u00bb{}\u00bb]<\/p>\n<ol>\n<li style=\"list-style-type: none;\">\n<ol>\n<li style=\"text-align: left;\"><strong>\u00bfAlguna vez miente sobre el juego?<\/strong><\/li>\n<li style=\"text-align: left;\"><strong>\u00bfAlguna vez ha pedido dinero prestado para financiar su juego?<\/strong><\/li>\n<\/ol>\n<\/li>\n<\/ol>\n<p style=\"text-align: left;\"><strong>Si respondi\u00f3 que s\u00ed a cualquiera de las preguntas, inf\u00f3rmese sobre los <a href=\"https:\/\/rganm.org\/signs-of-problem-gambling\/\">signos del juego problem\u00e1tico<\/a> y nuestros <a href=\"https:\/\/rganm.org\/get-help\/\">recursos gratuitos<\/a>.<\/strong><\/p>\n<p>[\/et_pb_text][et_pb_button button_url=\u00bbhttps:\/\/rganm.org\/research\/\u00bb button_text=\u00bbLea el Estudio sobre el juego problem\u00e1tico de Nuevo M\u00e9xico de 2006&#8243; button_alignment=\u00bbcenter\u00bb _builder_version=\u00bb4.25.0&#8243; _module_preset=\u00bbdefault\u00bb custom_button=\u00bbon\u00bb button_text_color=\u00bb#FFFFFF\u00bb button_bg_color=\u00bb#956678&#8243; button_border_width=\u00bb0px\u00bb button_icon=\u00bb&#x45;||divi||400&#8243; button_on_hover=\u00bboff\u00bb hover_enabled=\u00bb0&#8243; box_shadow_style=\u00bbpreset3&#8243; global_colors_info=\u00bb{}\u00bb sticky_enabled=\u00bb0&#8243; button_bg_enable_color=\u00bbon\u00bb][\/et_pb_button][et_pb_image src=\u00bbhttps:\/\/rganm.org\/wp-content\/uploads\/2019\/02\/sidebartop.png\u00bb show_bottom_space=\u00bboff\u00bb align=\u00bbcenter\u00bb align_tablet=\u00bbcenter\u00bb align_phone=\u00bb\u00bb align_last_edited=\u00bbon|desktop\u00bb admin_label=\u00bbImage: Sidebar Top\u00bb _builder_version=\u00bb4.16&#8243; max_width=\u00bb85%\u00bb module_alignment=\u00bbcenter\u00bb custom_margin=\u00bb60px|||\u00bb custom_css_main_element=\u00bbposition: relative;||\u00bb global_colors_info=\u00bb{}\u00bb][\/et_pb_image][et_pb_text admin_label=\u00bbText: There is hope\u00bb _builder_version=\u00bb4.16&#8243; text_orientation=\u00bbcenter\u00bb background_layout=\u00bbdark\u00bb custom_css_main_element=\u00bbposition: relative;||top: -30px;\u00bb global_colors_info=\u00bb{}\u00bb]<\/p>\n<p><strong>Hay esperanza<\/strong><\/p>\n<p>[\/et_pb_text][et_pb_text admin_label=\u00bbText: TTC Phone\u00bb _builder_version=\u00bb4.16&#8243; text_text_color=\u00bb#ffffff\u00bb header_3_font=\u00bbOpen Sans|700|||||||\u00bb header_3_text_align=\u00bbcenter\u00bb header_3_text_color=\u00bb#ffffff\u00bb header_3_font_size=\u00bb30px\u00bb background_color=\u00bb#4fb4f4&#8243; background_layout=\u00bbdark\u00bb custom_margin=\u00bb-58px|||\u00bb custom_padding=\u00bb20px|10px|20px|10px\u00bb header_3_text_shadow_style=\u00bbpreset3&#8243; border_radii=\u00bbon|10px|10px|10px|10px\u00bb box_shadow_style=\u00bbpreset3&#8243; global_colors_info=\u00bb{}\u00bb]<\/p>\n<p><strong>\u00abSi est\u00e1 lidiando con problemas de adicci\u00f3n, si est\u00e1 lidiando con problemas de juego, quiero que sepa que hay esperanza. En primer lugar, hay personas, programas y recursos que le permitir\u00e1n compartir con lo que est\u00e1 lidiando; por lo que est\u00e1 pasando. Hay tantos recursos. Pru\u00e9belos todos y encuentre algo que funcione.\u00bb<\/strong><\/p>\n<p align=\"right\"><strong>JJ Otero<\/strong><\/p>\n<p>[\/et_pb_text][et_pb_image src=\u00bbhttps:\/\/rganm.org\/wp-content\/uploads\/2023\/06\/NCPG.png\u00bb title_text=\u00bbNCPG\u00bb align=\u00bbcenter\u00bb _builder_version=\u00bb4.19.5&#8243; _module_preset=\u00bbdefault\u00bb global_colors_info=\u00bb{}\u00bb][\/et_pb_image][\/et_pb_column][\/et_pb_row][\/et_pb_section][et_pb_section fb_built=\u00bb1&#8243; fullwidth=\u00bbon\u00bb _builder_version=\u00bb4.8.1&#8243; background_color=\u00bb#f9e1b1&#8243; width=\u00bb100%\u00bb module_alignment=\u00bbcenter\u00bb custom_padding=\u00bb0px||0px|\u00bb global_module=\u00bb287&#8243; global_colors_info=\u00bb{}\u00bb][et_pb_fullwidth_code admin_label=\u00bbBloom\u00bb _builder_version=\u00bb4.19.5&#8243; background_color=\u00bb#56130B\u00bb text_orientation=\u00bbcenter\u00bb module_alignment=\u00bbcenter\u00bb custom_margin=\u00bb||-60px||false|false\u00bb custom_margin_tablet=\u00bb||0px||false|false\u00bb custom_margin_phone=\u00bb\u00bb custom_margin_last_edited=\u00bbon|desktop\u00bb custom_padding=\u00bb0px||0px|80px|false|false\u00bb custom_css_main_element=\u00bbtop: -30px;\u00bb global_colors_info=\u00bb{}\u00bb]<div data-form-id=\"2955\" id=\"ctct-form-wrapper-0\" class=\"ctct-form-wrapper et_pb_contact\"><span class=\"ctct-form-description\" ><h2 style=\"text-align: center;color: #f9e1b1;padding-top: 25px\"><strong>Treatment Providers: Join our E-mail List to Receive Updates<\/strong><\/h2>\n<p style=\"text-align: center;color: #fff;margin-bottom: 25px\">Counselors, join our mailing list to receive the latest news from our Problem Gambling Conferences<\/p>\n<\/span><form class=\"ctct-form ctct-form-2955 comment-form  no-recaptcha ctct-default subs\" id=\"ctct-form-1164324691\" data-doajax=\"off\" style=\"\" action=\"\" method=\"post\"><p class=\"ctct-form-field ctct-form-field-text ctct-form-field-required\"><span class=\"ctct-label-hidden\"><label for=\"first_name___521ad57ef9bb28ff81c398e42f1c1f45_0_1262092976\">First Name <span class=\"ctct-required-indicatior\" title=\"This is a required field\">*<\/span><\/label><\/span><input required aria-required=\"true\"  type=\"text\" id=\"first_name___521ad57ef9bb28ff81c398e42f1c1f45_0_1262092976\" name=\"first_name___521ad57ef9bb28ff81c398e42f1c1f45\"  value=\"\" class=\"ctct-text ctct-label-hidden subs first_name___521ad57ef9bb28ff81c398e42f1c1f45\" maxlength=\"255\" placeholder=\"First Name\"  \/><\/p><p class=\"ctct-form-field ctct-form-field-email ctct-form-field-required\"><span class=\"ctct-label-hidden\"><label for=\"email___c534294fa74575f3aaa39ae2d66458a9_0_1491354291\">Email <span class=\"ctct-required-indicatior\" title=\"This is a required field\">*<\/span><\/label><\/span><input required aria-required=\"true\"  type=\"email\" id=\"email___c534294fa74575f3aaa39ae2d66458a9_0_1491354291\" name=\"email___c534294fa74575f3aaa39ae2d66458a9\"  value=\"\" class=\"ctct-email ctct-label-hidden subs email___c534294fa74575f3aaa39ae2d66458a9\"  placeholder=\"Email Address\"  \/><\/p><div class='ctct-list-selector' style='display:none;'><div class=\"ctct-form-field ctct-form-field-checkbox ctct-form-field-required\"><fieldset><legend class=\"ctct-label-top\">Select list(s) to subscribe to<\/legend><input type=\"checkbox\" name=\"lists___aa3b51621fd3fd524a7a48cda06b2917[]\" id=\"lists___aa3b51621fd3fd524a7a48cda06b2917_0_0\" value=\"720c3ff6-5dff-11ec-a74d-fa163e78853a\" class=\"ctct-checkbox ctct-label-right\" checked \/><span class=\"ctct-label-right\"><label for=\"lists___aa3b51621fd3fd524a7a48cda06b2917_0_0\">Treatment Provider Signups<\/label><\/span><\/fieldset><\/div><\/div><div class=\"ctct-optin-hide\" style=\"display:none;\"><p class=\"ctct-form-field ctct-form-field-checkbox\"><span class=\"ctct-input-container\"><input type=\"checkbox\" checked name=\"ctct-opt-in\" class=\"ctct-checkbox ctct-opt-in\" value=\"1\" id=\"ctct-opt-in_0\" \/><label for=\"ctct-opt-in_0\"> Example: Yes, I would like to receive emails from Responsible Gaming Association of New Mexico. (You can unsubscribe anytime)<\/label><\/span><\/p><\/div><!--.ctct-optin-hide --><p class=\"ctct-form-field ctct-form-field-submit\"><input aria-required=\"false\"  type=\"submit\" id=\"ctct-submitted_0_601561729\" name=\"ctct-submitted\" style=\"color: #ffffff; background-color: #946578;\" value=\"SUBSCRIBE!\" class=\"ctct-submit ctct-label-top subs ctct-submitted\"    \/><\/p><div class=\"ctct_usage\" style=\"border: 0 none; clip: rect( 0, 0, 0, 0 ); height: 1px; margin: -1px; overflow: hidden; padding: 0; position: absolute; width: 1px;\"><label for=\"ctct_usage_field\">Constant Contact Use. Please leave this field blank.<\/label><input type=\"text\" value=\"\" id=\"ctct_usage_field\" name=\"ctct_usage_field\" class=\"ctct_usage_field\" tabindex=\"-1\" \/><\/div><input type=\"hidden\" name=\"ctct-id\" value=\"2955\" \/><input type=\"hidden\" name=\"ctct-verify\" value=\"471B0FJfD2WENcxADKv5bM78P\" \/><input type=\"hidden\" name=\"ctct-instance\" value=\"0\" \/><input type=\"hidden\" name=\"ctct_time\" value=\"1776759047\" \/><\/form><div class=\"ctct-disclosure\"><hr><small>By submitting this form, you are consenting to receive marketing emails from: Responsible Gaming Association of New Mexico, Mailing address: PO Box 65247, Albuquerque, NM, 87193. You can revoke your consent to receive emails at any time by using the SafeUnsubscribe&reg; link, found at the bottom of every email. <a href=\"https:\/\/www.constantcontact.com\/legal\/about-constant-contact\" target=\"_blank\" rel=\"noopener noreferrer\" aria-label=\"About Constant Contact, opens a new window\">Emails are serviced by Constant Contact<\/a><\/small><\/div><script type=\"text\/javascript\">var ajaxurl = \"https:\/\/rganm.org\/wp-admin\/admin-ajax.php\";<\/script><\/div>[\/et_pb_fullwidth_code][et_pb_fullwidth_header _builder_version=\u00bb4.19.5&#8243; background_color=\u00bb#56130b\u00bb custom_padding=\u00bb10px||10px|\u00bb global_colors_info=\u00bb{}\u00bb][\/et_pb_fullwidth_header][et_pb_fullwidth_code disabled_on=\u00bbon|off|\u00bb admin_label=\u00bbFullwidth Code: Casino Logos\u00bb module_class=\u00bbcasinologos\u00bb _builder_version=\u00bb4.22.2&#8243; text_orientation=\u00bbcenter\u00bb custom_margin=\u00bb20px|||\u00bb custom_padding=\u00bb0px||0px|\u00bb z_index_tablet=\u00bb500&#8243; global_colors_info=\u00bb{}\u00bb]<\/p>\n<div class=\"casinologos\"><!-- [et_pb_line_break_holder] --><img decoding=\"async\" src=\"https:\/\/rganm.org\/wp-content\/uploads\/2019\/02\/SCHC_logo.png\" style=\"float: left; margin-right: 1%; margin-bottom: 0.5em;\" alt=\"Santa Claran Hotel &#038; Casino\"><!-- [et_pb_line_break_holder] --><img decoding=\"async\" src=\"https:\/\/rganm.org\/wp-content\/uploads\/2019\/08\/Responsible-Gaming-281E751-MPM3_7c2a633fc319afac9104e4e3e7554764.png\" style=\"float: left; margin-right: 1%; margin-bottom: 0.5em;\" alt=\"Mescalero\"><!-- [et_pb_line_break_holder] --><img decoding=\"async\" src=\"https:\/\/rganm.org\/wp-content\/uploads\/2019\/08\/acoma_d66c246d9d378e451ac0c8a38bce52b6.png\" style=\"float: left; margin-right: 1%; margin-bottom: 0.5em;\" alt=\"Acoma\"><!-- [et_pb_line_break_holder] --><img decoding=\"async\" src=\"https:\/\/rganm.org\/wp-content\/uploads\/2019\/02\/blackmesa.png\" style=\"float: left; margin-right: 1%; margin-bottom: 0.5em;\" alt=\"Black Mesa\"><!-- [et_pb_line_break_holder] --><img decoding=\"async\" src=\"https:\/\/rganm.org\/wp-content\/uploads\/2019\/02\/isleta.png\" style=\"float: left; margin-right: 1%; margin-bottom: 0.5em;\" alt=\"Isleta\"><!-- [et_pb_line_break_holder] --><img decoding=\"async\" src=\"https:\/\/rganm.org\/wp-content\/uploads\/2019\/02\/santaana.png\" style=\"float: left; margin-right: 1%; margin-bottom: 0.5em;\" alt=\"Santa Ana\"><!-- [et_pb_line_break_holder] --><img decoding=\"async\" src=\"https:\/\/rganm.org\/wp-content\/uploads\/2023\/11\/Palace-West-Casino-logo-170.png\" style=\"float: left; margin-right: 1%; margin-bottom: 0.5em;\" alt=\"Santa Ana\"><!-- [et_pb_line_break_holder] --><\/div>\n<p>[\/et_pb_fullwidth_code][et_pb_fullwidth_code disabled_on=\u00bbon|off|\u00bb admin_label=\u00bbFullwidth Code: Casino Logos2&#8243; module_class=\u00bbcasinologos\u00bb _builder_version=\u00bb4.19.5&#8243; text_orientation=\u00bbcenter\u00bb custom_padding=\u00bb0px||0px|\u00bb z_index_tablet=\u00bb500&#8243; global_colors_info=\u00bb{}\u00bb]<\/p>\n<div class=\"casinologos2\"><!-- [et_pb_line_break_holder] --><img decoding=\"async\" src=\"https:\/\/rganm.org\/wp-content\/uploads\/2019\/08\/TMC_logo_A_color_8223e145f0ff9abfb9851a6b048848be.png\" style=\"float: left; margin-right: 1%; margin-bottom: 0.5em;\"  alt=\"Taos Moutain Casino\"><!-- [et_pb_line_break_holder] --><img decoding=\"async\" src=\"https:\/\/rganm.org\/wp-content\/uploads\/2019\/08\/DEC-New-Logo_8b9aabd85a94a58769a9e7b4c675a14d.png\" style=\"float: left; margin-right: 1%; margin-bottom: 0.5em; height: 90px;\" alt=\"Dancing Eagle\"><!-- [et_pb_line_break_holder] --><img decoding=\"async\" src=\"https:\/\/rganm.org\/wp-content\/uploads\/2019\/08\/Casino-Xpress-Logo_f1b17a00fb2f3b90940794b0f7880994.png\" style=\"float: left; margin-right: 1%; margin-bottom: 0.5em; margin-top:20px;\" alt=\"Casino Express\"><!-- [et_pb_line_break_holder] --><img decoding=\"async\" src=\"https:\/\/rganm.org\/wp-content\/uploads\/2019\/02\/RT66_logo.png\" style=\"float: left; margin-right: 1%; margin-bottom: 0.5em;\" alt=\"Route 66 Casino\"><!-- [et_pb_line_break_holder] --><img decoding=\"async\" src=\"https:\/\/rganm.org\/wp-content\/uploads\/2019\/02\/Ohkay-Casino-logo-purple-small.png\" style=\"float: left; margin-right: 1%; margin-bottom: 0.5em; margin-top:20px;\" alt=\"OhKay Casino\"><!-- [et_pb_line_break_holder] --><img decoding=\"async\" src=\"https:\/\/rganm.org\/wp-content\/uploads\/2019\/08\/BTR_LOGO_VERT_BLACK_NoBuffMPM2_be00949208b0306811104a77c0470c3f.png\" style=\"float: left; margin-right: 1%; margin-bottom: 0.5em; margin-top:20px;\" alt=\"Buffalo Thunder Casino\"><!-- [et_pb_line_break_holder] --><img decoding=\"async\" src=\"https:\/\/rganm.org\/wp-content\/uploads\/2019\/08\/CitiesMPM2_f4e78b2f0061829f09f6bfc2ac71d9c2.png\" style=\"float: left; margin-right: 1%; margin-bottom: 0.5em; margin-top:20px;\" id=\"cog\" alt=\"Cities of Gold Casino\"><!-- [et_pb_line_break_holder] --><img decoding=\"async\" src=\"https:\/\/rganm.org\/wp-content\/uploads\/2021\/09\/Sandia_Resort_Casino-003.png\" style=\"float: left; margin-right: 1%; margin-bottom: 0.5em; margin-top:20px;\" alt=\"Jakes Casino\"><!-- [et_pb_line_break_holder] --><\/div>\n<p>[\/et_pb_fullwidth_code][et_pb_fullwidth_image src=\u00bbhttps:\/\/rganm.org\/wp-content\/uploads\/2019\/08\/HeaderRange3_5b8e6b8c2cde3e87c5f6005640ac6ab7.png\u00bb admin_label=\u00bbFullwidth Image: Header Mountain Range\u00bb _builder_version=\u00bb4.19.5&#8243; custom_padding=\u00bb0px||0px|\u00bb z_index_tablet=\u00bb500&#8243; box_shadow_horizontal_tablet=\u00bb0px\u00bb box_shadow_vertical_tablet=\u00bb0px\u00bb box_shadow_blur_tablet=\u00bb40px\u00bb box_shadow_spread_tablet=\u00bb0px\u00bb global_colors_info=\u00bb{}\u00bb][\/et_pb_fullwidth_image][et_pb_fullwidth_image src=\u00bbhttps:\/\/rganm.org\/wp-content\/uploads\/2019\/02\/HeaderPattern3-01.png\u00bb admin_label=\u00bbFullwidth Image: Header Pattern\u00bb _builder_version=\u00bb4.19.5&#8243; custom_padding=\u00bb0px||0px|\u00bb global_colors_info=\u00bb{}\u00bb][\/et_pb_fullwidth_image][\/et_pb_section]<\/p>\n","protected":false},"excerpt":{"rendered":"<p>Vea nuestro documental de 30 minutos sobre RGANM y los recursos de juego compulsivo que est\u00e1n disponibles. L\u00ednea de ayuda sobre el juego (888) 696-2440 Disponible 24\/7 Dos preguntas importantes \u00bfAlguna vez miente sobre el juego?\u00bfAlguna vez ha pedido dinero prestado para financiar su juego?Si respondi\u00f3 que s\u00ed a cualquiera de las preguntas, inf\u00f3rmese sobre [&hellip;]<\/p>\n","protected":false},"author":3,"featured_media":0,"parent":0,"menu_order":0,"comment_status":"closed","ping_status":"closed","template":"","meta":{"_et_pb_use_builder":"on","_et_pb_old_content":"","_et_gb_content_width":"","footnotes":""},"class_list":["post-3854","page","type-page","status-publish","hentry"],"aioseo_notices":[],"_links":{"self":[{"href":"https:\/\/rganm.org\/es\/wp-json\/wp\/v2\/pages\/3854","targetHints":{"allow":["GET"]}}],"collection":[{"href":"https:\/\/rganm.org\/es\/wp-json\/wp\/v2\/pages"}],"about":[{"href":"https:\/\/rganm.org\/es\/wp-json\/wp\/v2\/types\/page"}],"author":[{"embeddable":true,"href":"https:\/\/rganm.org\/es\/wp-json\/wp\/v2\/users\/3"}],"replies":[{"embeddable":true,"href":"https:\/\/rganm.org\/es\/wp-json\/wp\/v2\/comments?post=3854"}],"version-history":[{"count":0,"href":"https:\/\/rganm.org\/es\/wp-json\/wp\/v2\/pages\/3854\/revisions"}],"wp:attachment":[{"href":"https:\/\/rganm.org\/es\/wp-json\/wp\/v2\/media?parent=3854"}],"curies":[{"name":"wp","href":"https:\/\/api.w.org\/{rel}","templated":true}]}}